{"id":447,"date":"2026-03-04T09:51:41","date_gmt":"2026-03-04T07:51:41","guid":{"rendered":"https:\/\/birstonogimnazija.lt\/?page_id=447"},"modified":"2026-04-14T07:27:59","modified_gmt":"2026-04-14T05:27:59","slug":"mokytojams-ir-aukletojams","status":"publish","type":"page","link":"https:\/\/birstonogimnazija.lt\/?page_id=447","title":{"rendered":"Mokytojams ir aukl\u0117tojams"},"content":{"rendered":"<div class=\"aligncenter wp-block-site-logo\"><a href=\"https:\/\/birstonogimnazija.lt\/\" class=\"custom-logo-link\" rel=\"home\"><img loading=\"lazy\" decoding=\"async\" width=\"234\" height=\"156\" src=\"https:\/\/birstonogimnazija.lt\/wp-content\/uploads\/2026\/02\/logo-1700_trans-1.png\" class=\"custom-logo\" alt=\"Bir\u0161tono gimnazija\" srcset=\"https:\/\/birstonogimnazija.lt\/wp-content\/uploads\/2026\/02\/logo-1700_trans-1.png 612w, https:\/\/birstonogimnazija.lt\/wp-content\/uploads\/2026\/02\/logo-1700_trans-1-300x200.png 300w\" sizes=\"auto, (max-width: 234px) 100vw, 234px\" \/><\/a><\/div>\n\n\n<h4 class=\"wp-block-heading has-text-align-center\"><strong>\u0160ablonai, tvarkos ir taisykl\u0117s<\/strong><\/h4>\n\n\n\n<div class=\"wp-block-columns is-layout-flex wp-container-core-columns-is-layout-9d6595d7 wp-block-columns-is-layout-flex\">\n<div class=\"wp-block-column is-layout-flow wp-block-column-is-layout-flow\">\n<p>&nbsp;<\/p>\n<p style=\"text-align: center;\"><strong>\u0160ablonai:<\/strong><\/p>\n<p><a href=\"https:\/\/birstonogimnazija.lt\/wp-content\/uploads\/2026\/03\/mokinio_netinkamo_elgesio_pazyma.pdf\" target=\"_blank\" rel=\"noopener\">Mokinio netinkamo elgesio pa\u017eyma<\/a><\/p>\n<p><a href=\"https:\/\/birstonogimnazija.lt\/wp-content\/uploads\/2026\/03\/Mokinio_nelankomumo_apskaitos_lapas.pdf\" target=\"_blank\" rel=\"noopener\">Mokini\u0173 nelankomumo apskaitos lapas<\/a><\/p>\n<p><a href=\"https:\/\/birstonogimnazija.lt\/wp-content\/uploads\/2026\/03\/Isivertinimas-klasei.pdf\" target=\"_blank\" rel=\"noopener\">Bendr\u0173j\u0173 geb\u0117jim\u0173, elgesio, verybini\u0173 nuostat\u0173 \u012fsivertinimo anketa<\/a><\/p>\n<p><a href=\"https:\/\/birstonogimnazija.lt\/wp-content\/uploads\/2026\/03\/aukletojo_lapas_klases_budejimui.pdf\" target=\"_blank\" rel=\"noopener\">Klas\u0117s aukl\u0117tojo lapas klas\u0117s bud\u0117jimui<\/a><\/p>\n<p><a href=\"https:\/\/birstonogimnazija.lt\/wp-content\/uploads\/2026\/03\/Elektroninio-dienyno-Tamo-grupiu-pavadinimu-sudarymas.pdf\" target=\"_blank\" rel=\"noopener\">Elektroninio dienyno TAMO grupi\u0173 pavadinim\u0173 sudarymas<\/a><\/p>\n<\/div>\n\n\n\n<div class=\"wp-block-column is-layout-flow wp-block-column-is-layout-flow\">\n<p>&nbsp;<\/p>\n<p style=\"text-align: center;\"><strong>Tvarkos ir taisykl\u0117s:<\/strong><\/p>\n<p><a href=\"https:\/\/birstonogimnazija.lt\/wp-content\/uploads\/2026\/03\/Budejimo-organizavimo-tvarka-gimnazijoje.pdf\" target=\"_blank\" rel=\"noopener\">Bud\u0117jimo organizavimo tvarka gimnazijoje<\/a><\/p>\n<p><a href=\"https:\/\/birstonogimnazija.lt\/wp-content\/uploads\/2026\/03\/isejimas_is_mokyklos_teritorijos-tvarka.pdf\" target=\"_blank\" rel=\"noopener\">Mokini\u0173 i\u0161\u0117jimo i\u0161 mokyklos teritorijos pamok\u0173 metu tvarkos apra\u0161as<\/a><\/p>\n<p><a href=\"https:\/\/birstonogimnazija.lt\/wp-content\/uploads\/2026\/03\/Socialines-veiklos-organizavimo-tvarka.pdf\" target=\"_blank\" rel=\"noopener\">Socialin\u0117s veiklos organizavimo tvarka\u00a0<\/a><\/p>\n<p><a href=\"https:\/\/birstonogimnazija.lt\/wp-content\/uploads\/2026\/04\/mokinio_taisykles.pdf\" target=\"_blank\" rel=\"noopener\">Bir\u0161tono gimnazijos mokini\u0173 elgesio taisykles<\/a><\/p>\n<p><a href=\"https:\/\/birstonogimnazija.lt\/wp-content\/uploads\/2026\/03\/Elgesio_taisykles_diskotekose.png\" target=\"_blank\" rel=\"noopener\">Bir\u0161tono gimnazijos mokini\u0173 elgesio taisykl\u0117s diskotekose ir teminiuose vakaruose<\/a><\/p>\n<p><a href=\"https:\/\/birstonogimnazija.lt\/wp-content\/uploads\/2026\/03\/uniformu_devejimo_taisykles.pdf\" target=\"_blank\" rel=\"noopener\">Bir\u0161tono gimnazijos uniform\u0173 d\u0117v\u0117jimo taisykl\u0117s<\/a><\/p>\n<p>&nbsp;<\/p>\n<\/div>\n<\/div>\n","protected":false},"excerpt":{"rendered":"<p>\u0160ablonai, tvarkos ir taisykl\u0117s &nbsp; \u0160ablonai: Mokinio netinkamo elgesio pa\u017eyma Mokini\u0173 nelankomumo apskaitos lapas Bendr\u0173j\u0173 geb\u0117jim\u0173, elgesio, verybini\u0173 nuostat\u0173 \u012fsivertinimo anketa Klas\u0117s aukl\u0117tojo lapas klas\u0117s bud\u0117jimui Elektroninio dienyno TAMO grupi\u0173 pavadinim\u0173 sudarymas &nbsp; Tvarkos ir taisykl\u0117s: Bud\u0117jimo organizavimo tvarka gimnazijoje Mokini\u0173 i\u0161\u0117jimo i\u0161 mokyklos teritorijos pamok\u0173 metu tvarkos apra\u0161as Socialin\u0117s veiklos organizavimo tvarka\u00a0 Bir\u0161tono gimnazijos [&hellip;]<\/p>\n","protected":false},"author":1,"featured_media":0,"parent":0,"menu_order":0,"comment_status":"closed","ping_status":"closed","template":"","meta":{"footnotes":""},"class_list":["post-447","page","type-page","status-publish","hentry"],"_links":{"self":[{"href":"https:\/\/birstonogimnazija.lt\/index.php?rest_route=\/wp\/v2\/pages\/447","targetHints":{"allow":["GET"]}}],"collection":[{"href":"https:\/\/birstonogimnazija.lt\/index.php?rest_route=\/wp\/v2\/pages"}],"about":[{"href":"https:\/\/birstonogimnazija.lt\/index.php?rest_route=\/wp\/v2\/types\/page"}],"author":[{"embeddable":true,"href":"https:\/\/birstonogimnazija.lt\/index.php?rest_route=\/wp\/v2\/users\/1"}],"replies":[{"embeddable":true,"href":"https:\/\/birstonogimnazija.lt\/index.php?rest_route=%2Fwp%2Fv2%2Fcomments&post=447"}],"version-history":[{"count":3,"href":"https:\/\/birstonogimnazija.lt\/index.php?rest_route=\/wp\/v2\/pages\/447\/revisions"}],"predecessor-version":[{"id":502,"href":"https:\/\/birstonogimnazija.lt\/index.php?rest_route=\/wp\/v2\/pages\/447\/revisions\/502"}],"wp:attachment":[{"href":"https:\/\/birstonogimnazija.lt\/index.php?rest_route=%2Fwp%2Fv2%2Fmedia&parent=447"}],"curies":[{"name":"wp","href":"https:\/\/api.w.org\/{rel}","templated":true}]}}