{"id":406,"date":"2026-03-01T10:57:02","date_gmt":"2026-03-01T08:57:02","guid":{"rendered":"https:\/\/birstonogimnazija.lt\/?page_id=406"},"modified":"2026-03-01T11:03:35","modified_gmt":"2026-03-01T09:03:35","slug":"viesieji-pirkimai","status":"publish","type":"page","link":"https:\/\/birstonogimnazija.lt\/?page_id=406","title":{"rendered":"Vie\u0161ieji pirkimai"},"content":{"rendered":"<div class=\"aligncenter wp-block-site-logo\"><a href=\"https:\/\/birstonogimnazija.lt\/\" class=\"custom-logo-link\" rel=\"home\"><img loading=\"lazy\" decoding=\"async\" width=\"234\" height=\"156\" src=\"https:\/\/birstonogimnazija.lt\/wp-content\/uploads\/2026\/02\/logo-1700_trans-1.png\" class=\"custom-logo\" alt=\"Bir\u0161tono gimnazija\" srcset=\"https:\/\/birstonogimnazija.lt\/wp-content\/uploads\/2026\/02\/logo-1700_trans-1.png 612w, https:\/\/birstonogimnazija.lt\/wp-content\/uploads\/2026\/02\/logo-1700_trans-1-300x200.png 300w\" sizes=\"auto, (max-width: 234px) 100vw, 234px\" \/><\/a><\/div>\n\n\n<h4 class=\"wp-block-heading has-text-align-center\"><strong>Vie\u0161ieji pirkimai<\/strong><\/h4>\n\n\n<h4 class=\"my-4\" style=\"text-align: center;\"><strong><a href=\"https:\/\/vpt.lrv.lt\/lt\/\" target=\"_blank\" rel=\"noopener\">Vie\u0161\u0173j\u0173 pirkim\u0173 tarnyba<\/a><br \/><\/strong><strong><a href=\"https:\/\/viesiejipirkimai.lt\/epps\/home.do\" target=\"_blank\" rel=\"noopener\">Centrin\u0117 vie\u0161\u0173j\u0173 pirkim\u0173 informacin\u0117 sistema<\/a><br \/><\/strong><\/h4>\n<p>&nbsp;<\/p>\n<ul>\n<li style=\"list-style-type: none;\">\n<ul>\n<li style=\"list-style-type: none;\">\n<ul>\n<li style=\"list-style-type: none;\">\n<ul>\n<li style=\"list-style-type: none;\">\n<ul>\n<li style=\"list-style-type: none;\">\n<ul>\n<li><a href=\"https:\/\/birstonogimnazija.lt\/wp-content\/uploads\/2026\/03\/Planuojamu-isigyti-prekiu-2016-03-30.pdf\" target=\"_blank\" rel=\"noopener\">Bir\u0161tono gimnazijos planuojamos \u012fsigyti prek\u0117s 2016-03-30 nutarimu<\/a><\/li>\n<li><a href=\"https:\/\/birstonogimnazija.lt\/wp-content\/uploads\/2026\/03\/Planuojamu-isigyti-prekiu-2017-03-01.pdf\" target=\"_blank\" rel=\"noopener\">Bir\u0161tono gimnazijos planuojamos \u012fsigyti prek\u0117s 2017-03-01 nutarimu<\/a><\/li>\n<\/ul>\n<\/li>\n<\/ul>\n<\/li>\n<\/ul>\n<\/li>\n<\/ul>\n<\/li>\n<\/ul>\n<\/li>\n<\/ul>","protected":false},"excerpt":{"rendered":"<p>Vie\u0161ieji pirkimai Vie\u0161\u0173j\u0173 pirkim\u0173 tarnybaCentrin\u0117 vie\u0161\u0173j\u0173 pirkim\u0173 informacin\u0117 sistema &nbsp; Bir\u0161tono gimnazijos planuojamos \u012fsigyti prek\u0117s 2016-03-30 nutarimu Bir\u0161tono gimnazijos planuojamos \u012fsigyti prek\u0117s 2017-03-01 nutarimu<\/p>\n","protected":false},"author":1,"featured_media":0,"parent":0,"menu_order":0,"comment_status":"closed","ping_status":"closed","template":"","meta":{"footnotes":""},"class_list":["post-406","page","type-page","status-publish","hentry"],"_links":{"self":[{"href":"https:\/\/birstonogimnazija.lt\/index.php?rest_route=\/wp\/v2\/pages\/406","targetHints":{"allow":["GET"]}}],"collection":[{"href":"https:\/\/birstonogimnazija.lt\/index.php?rest_route=\/wp\/v2\/pages"}],"about":[{"href":"https:\/\/birstonogimnazija.lt\/index.php?rest_route=\/wp\/v2\/types\/page"}],"author":[{"embeddable":true,"href":"https:\/\/birstonogimnazija.lt\/index.php?rest_route=\/wp\/v2\/users\/1"}],"replies":[{"embeddable":true,"href":"https:\/\/birstonogimnazija.lt\/index.php?rest_route=%2Fwp%2Fv2%2Fcomments&post=406"}],"version-history":[{"count":5,"href":"https:\/\/birstonogimnazija.lt\/index.php?rest_route=\/wp\/v2\/pages\/406\/revisions"}],"predecessor-version":[{"id":413,"href":"https:\/\/birstonogimnazija.lt\/index.php?rest_route=\/wp\/v2\/pages\/406\/revisions\/413"}],"wp:attachment":[{"href":"https:\/\/birstonogimnazija.lt\/index.php?rest_route=%2Fwp%2Fv2%2Fmedia&parent=406"}],"curies":[{"name":"wp","href":"https:\/\/api.w.org\/{rel}","templated":true}]}}