{"id":368,"date":"2026-02-28T21:37:41","date_gmt":"2026-02-28T19:37:41","guid":{"rendered":"https:\/\/birstonogimnazija.lt\/?page_id=368"},"modified":"2026-02-28T21:37:41","modified_gmt":"2026-02-28T19:37:41","slug":"vaiko-geroves-komisija","status":"publish","type":"page","link":"https:\/\/birstonogimnazija.lt\/?page_id=368","title":{"rendered":"Vaiko gerov\u0117s komisija"},"content":{"rendered":"<div class=\"aligncenter wp-block-site-logo\"><a href=\"https:\/\/birstonogimnazija.lt\/\" class=\"custom-logo-link\" rel=\"home\"><img loading=\"lazy\" decoding=\"async\" width=\"234\" height=\"156\" src=\"https:\/\/birstonogimnazija.lt\/wp-content\/uploads\/2026\/02\/logo-1700_trans-1.png\" class=\"custom-logo\" alt=\"Bir\u0161tono gimnazija\" srcset=\"https:\/\/birstonogimnazija.lt\/wp-content\/uploads\/2026\/02\/logo-1700_trans-1.png 612w, https:\/\/birstonogimnazija.lt\/wp-content\/uploads\/2026\/02\/logo-1700_trans-1-300x200.png 300w\" sizes=\"auto, (max-width: 234px) 100vw, 234px\" \/><\/a><\/div>\n\n\n<h4 class=\"wp-block-heading has-text-align-center\"><strong>Vaiko gerov\u0117s komisija<\/strong><\/h4>\n\n\n\n<div style=\"height:30px\" aria-hidden=\"true\" class=\"wp-block-spacer\"><\/div>\n\n\n\n<div class=\"wp-block-columns is-layout-flex wp-container-core-columns-is-layout-9d6595d7 wp-block-columns-is-layout-flex\">\n<div class=\"wp-block-column is-layout-flow wp-block-column-is-layout-flow\">\n<style>\n    .vgk-wrapper {\n        --primary-green: #09774A;\n        --bg-light: #f8fafc;\n        --text-main: #334155;\n        font-family: 'Inter', -apple-system, sans-serif;\n        max-width: 800px;\n        margin: 0 auto;\n        background: #ffffff;\n        border-radius: 12px;\n        box-shadow: 0 4px 20px rgba(0,0,0,0.04);\n        padding: 20px;\n    }\n\n    .vgk-table {\n        width: 100%;\n        border-collapse: separate;\n        border-spacing: 0 6px; \/* Sukuria tarpus tarp eilu\u010di\u0173 vietoj r\u0117meli\u0173 *\/\n        text-align: left;\n    }\n\n    .vgk-table th {\n        color: var(--primary-green);\n        font-weight: 700;\n        padding: 0 20px 10px 20px;\n        text-transform: uppercase;\n        font-size: 0.8rem;\n        letter-spacing: 0.5px;\n        border-bottom: 2px solid #e2e8f0;\n    }\n\n    .vgk-table td {\n        padding: 14px 20px;\n        font-size: 0.95rem;\n        color: var(--text-main);\n        background-color: var(--bg-light);\n        transition: background-color 0.2s ease;\n    }\n\n    .vgk-table td:first-child {\n        font-weight: 600;\n        color: #0f172a;\n        border-top-left-radius: 8px;\n        border-bottom-left-radius: 8px;\n        width: 40%;\n    }\n\n    .vgk-table td:last-child {\n        color: #475569;\n        border-top-right-radius: 8px;\n        border-bottom-right-radius: 8px;\n    }\n\n    .vgk-table tr:hover td {\n        background-color: #e6f3ee; \/* \u0160velniai \u017ealias fonas u\u017evedus pel\u0119 *\/\n    }\n\n    .vgk-highlight {\n        color: var(--primary-green);\n        font-weight: 600;\n    }\n<\/style>\n\n<div class=\"vgk-wrapper\">\n    <table class=\"vgk-table\">\n        <tbody>\n            <tr>\n                <td>Jolanta Veterien\u0117<\/td>\n                <td>VGK pirminink\u0117, psicholog\u0117<\/td>\n            <\/tr>\n            <tr>\n                <td>Asta Ferevi\u010dien\u0117<\/td>\n                <td>Direktoriaus pavaduotoja<\/td>\n            <\/tr>\n            <tr>\n                <td>Jolita Simonaityt\u0117<\/td>\n                <td>Mokytoja<\/td>\n            <\/tr>\n            <tr>\n                <td>Loreta Janulevi\u010dien\u0117<\/td>\n                <td>Mokytoja<\/td>\n            <\/tr>\n            <tr>\n                <td>Danguol\u0117 Kederien\u0117<\/td>\n                <td>Direktoriaus pavaduotoja<\/td>\n            <\/tr>\n            <tr>\n                <td>Kristina Kru\u0161nauskien\u0117<\/td>\n                <td>Mokytoja<\/td>\n            <\/tr>\n            <tr>\n                <td>Nomeda Kopcikien\u0117<\/td>\n                <td>Specialioji pedagog\u0117<\/td>\n            <\/tr>\n            <tr>\n                <td>Viktorija Lodien\u0117<\/td>\n                <td>Karjeros specialist\u0117, logoped\u0117<\/td>\n            <\/tr>\n            <tr>\n                <td>Rasa Stravinskien\u0117<\/td>\n                <td>Socialin\u0117 pedagog\u0117<\/td>\n            <\/tr>\n            <tr>\n                <td>Ingrida Mieliauskait\u0117<\/td>\n                <td>VGK sekretor\u0117, sveikatos prie\u017ei\u016bros specialist\u0117<\/td>\n            <\/tr>\n        <\/tbody>\n    <\/table>\n<\/div>\n<\/div>\n\n\n\n<div class=\"wp-block-column is-layout-flow wp-block-column-is-layout-flow\"><div class=\"wp-block-image\">\n<figure class=\"aligncenter size-full\"><img loading=\"lazy\" decoding=\"async\" width=\"237\" height=\"250\" src=\"https:\/\/birstonogimnazija.lt\/wp-content\/uploads\/2026\/02\/vgk.webp\" alt=\"\" class=\"wp-image-367\"\/><\/figure>\n<\/div>\n\n\n<p>&nbsp;<\/p>\n<ul>\n<li style=\"list-style-type: none;\">\n<ul>\n<li><a href=\"https:\/\/birstonogimnazija.lt\/wp-content\/uploads\/2026\/02\/VGK-funkcijos-ir-darbo-organizavimo-tvarka.pdf\" target=\"_blank\" rel=\"noopener\">VGK funkcijos ir darbo organizavimo tvarka<\/a><\/li>\n<\/ul>\n<\/li>\n<\/ul>\n<\/div>\n<\/div>\n","protected":false},"excerpt":{"rendered":"<p>Vaiko gerov\u0117s komisija Jolanta Veterien\u0117 VGK pirminink\u0117, psicholog\u0117 Asta Ferevi\u010dien\u0117 Direktoriaus pavaduotoja Jolita Simonaityt\u0117 Mokytoja Loreta Janulevi\u010dien\u0117 Mokytoja Danguol\u0117 Kederien\u0117 Direktoriaus pavaduotoja Kristina Kru\u0161nauskien\u0117 Mokytoja Nomeda Kopcikien\u0117 Specialioji pedagog\u0117 Viktorija Lodien\u0117 Karjeros specialist\u0117, logoped\u0117 Rasa Stravinskien\u0117 Socialin\u0117 pedagog\u0117 Ingrida Mieliauskait\u0117 VGK sekretor\u0117, sveikatos prie\u017ei\u016bros specialist\u0117 &nbsp; VGK funkcijos ir darbo organizavimo tvarka<\/p>\n","protected":false},"author":1,"featured_media":0,"parent":0,"menu_order":0,"comment_status":"closed","ping_status":"closed","template":"","meta":{"footnotes":""},"class_list":["post-368","page","type-page","status-publish","hentry"],"_links":{"self":[{"href":"https:\/\/birstonogimnazija.lt\/index.php?rest_route=\/wp\/v2\/pages\/368","targetHints":{"allow":["GET"]}}],"collection":[{"href":"https:\/\/birstonogimnazija.lt\/index.php?rest_route=\/wp\/v2\/pages"}],"about":[{"href":"https:\/\/birstonogimnazija.lt\/index.php?rest_route=\/wp\/v2\/types\/page"}],"author":[{"embeddable":true,"href":"https:\/\/birstonogimnazija.lt\/index.php?rest_route=\/wp\/v2\/users\/1"}],"replies":[{"embeddable":true,"href":"https:\/\/birstonogimnazija.lt\/index.php?rest_route=%2Fwp%2Fv2%2Fcomments&post=368"}],"version-history":[{"count":3,"href":"https:\/\/birstonogimnazija.lt\/index.php?rest_route=\/wp\/v2\/pages\/368\/revisions"}],"predecessor-version":[{"id":371,"href":"https:\/\/birstonogimnazija.lt\/index.php?rest_route=\/wp\/v2\/pages\/368\/revisions\/371"}],"wp:attachment":[{"href":"https:\/\/birstonogimnazija.lt\/index.php?rest_route=%2Fwp%2Fv2%2Fmedia&parent=368"}],"curies":[{"name":"wp","href":"https:\/\/api.w.org\/{rel}","templated":true}]}}