{"id":357,"date":"2026-02-28T20:59:17","date_gmt":"2026-02-28T18:59:17","guid":{"rendered":"https:\/\/birstonogimnazija.lt\/?page_id=357"},"modified":"2026-04-14T07:25:48","modified_gmt":"2026-04-14T05:25:48","slug":"mobiliuju-telefonu-naudojimosi-tvarka","status":"publish","type":"page","link":"https:\/\/birstonogimnazija.lt\/?page_id=357","title":{"rendered":"Mobili\u0173j\u0173 telefon\u0173 naudojimosi tvarka"},"content":{"rendered":"<div class=\"aligncenter wp-block-site-logo\"><a href=\"https:\/\/birstonogimnazija.lt\/\" class=\"custom-logo-link\" rel=\"home\"><img loading=\"lazy\" decoding=\"async\" width=\"234\" height=\"156\" src=\"https:\/\/birstonogimnazija.lt\/wp-content\/uploads\/2026\/02\/logo-1700_trans-1.png\" class=\"custom-logo\" alt=\"Bir\u0161tono gimnazija\" srcset=\"https:\/\/birstonogimnazija.lt\/wp-content\/uploads\/2026\/02\/logo-1700_trans-1.png 612w, https:\/\/birstonogimnazija.lt\/wp-content\/uploads\/2026\/02\/logo-1700_trans-1-300x200.png 300w\" sizes=\"auto, (max-width: 234px) 100vw, 234px\" \/><\/a><\/div>\n\n\n<h4 class=\"wp-block-heading has-text-align-center\"><strong>Mobili\u0173j\u0173 telefon\u0173 naudojimosi tvarka<\/strong><\/h4>\n\n\n<ol>\n<li><strong> Naudojimas pamok\u0173 metu:<\/strong><\/li>\n<\/ol>\n<ul>\n<li>Telefonai ir kiti i\u0161manieji \u012frenginiai privalo b\u016bti visi\u0161kai i\u0161jungti arba nustatyti begarsiu re\u017eimu (be vibracijos).<\/li>\n<li>\u012erenginiai turi b\u016bti laikomi kuprin\u0117se. Ant suolo ar ki\u0161en\u0117se i\u0161maniuosius \u012frenginius laikyti draud\u017eiama.<\/li>\n<li>Naudotis telefonu pamokoje leid\u017eiama:\n<ul>\n<li><strong>edukaciniais tikslais <\/strong>mokytojui\u00a0 leidus;<\/li>\n<li>\u00a0i\u0161skirtiniais atvejais (trauma, liga, spec. poreikiai).<\/li>\n<\/ul>\n<\/li>\n<\/ul>\n<ol start=\"2\">\n<li><strong> Naudojimas pertrauk\u0173 ir rengini\u0173 metu:<\/strong><\/li>\n<\/ol>\n<ul>\n<li>Pertrauk\u0173 ir rengini\u0173 metu mokykloje naudotis telefonais draud\u017eiama,\u00a0 gimnazija skatina mokinius ils\u0117tis ir bendrauti gyvai.<\/li>\n<li><strong>Grie\u017etai draud\u017eiama<\/strong>\u00a0be asmens sutikimo fotografuoti, filmuoti, \u012fra\u0161in\u0117ti gars\u0105 ar vie\u0161inti med\u017eiag\u0105 su kitais mokiniais, mokytojais bei darbuotojais.<\/li>\n<\/ul>\n<ol start=\"3\">\n<li><strong> Pa\u017eeidimai ir atsakomyb\u0117:<\/strong><\/li>\n<\/ol>\n<ul>\n<li><strong>Pirmas pa\u017eeidimas:<\/strong>\u00a0mokytojas ar kiti darbuotojai \u012fsp\u0117ja mokin\u012f \u017eod\u017eiu.<\/li>\n<li><strong>Pakartotinis pa\u017eeidimas:<\/strong>\u00a0informuojamas klas\u0117s vadovas, kuris prane\u0161a mokinio t\u0117vams (glob\u0117jams).<\/li>\n<li><strong>Sistemingas taisykli\u0173 lau\u017eymas (trys ir daugiau kart\u0173):<\/strong>\u00a0kvie\u010diami mokinio t\u0117vai (glob\u0117jai) ir mokinys aptarti mokinio elges\u012f su PPP (Pirmin\u0117s psichologin\u0117s pagalbos) komanda.<\/li>\n<li><strong>Nesikei\u010diant situacijai <\/strong>skiriama gimnazijos vadovo drausmin\u0117 nuobauda remiantis mokinio elgesio taisykl\u0117mis. Su skirta nuobauda \u00a0supa\u017eindinamas mokinys ir jo t\u0117vai (glob\u0117jai).<\/li>\n<li>Gimnazija neprisiima atsakomyb\u0117s u\u017e mokini\u0173 asmenini\u0173 \u012frengini\u0173 pametim\u0105, vagyst\u0119 ar sugadinim\u0105. <strong>Rekomenduojama \u0161i\u0173 \u012frengini\u0173 nesine\u0161ti \u012f mokykl\u0105.<\/strong><\/li>\n<\/ul>\n<p>Su \u0161ia tvarka klas\u0117s vadovai mokinius ir j\u0173 t\u0117vus (glob\u0117jus)\u00a0 \u00a0supa\u017eindina pasira\u0161ytinai.<\/p>\n<p>&nbsp;<\/p>\n<p><strong>Mokini\u0173 t\u0117veliai (glob\u0117jai), i\u0161kilus b\u016btinybei susisiekti su mokiniu, gali skambinti telefonais +37031965702, +37031965703 arba +37031965701. <\/strong><\/p>","protected":false},"excerpt":{"rendered":"<p>Mobili\u0173j\u0173 telefon\u0173 naudojimosi tvarka Naudojimas pamok\u0173 metu: Telefonai ir kiti i\u0161manieji \u012frenginiai privalo b\u016bti visi\u0161kai i\u0161jungti arba nustatyti begarsiu re\u017eimu (be vibracijos). \u012erenginiai turi b\u016bti laikomi kuprin\u0117se. Ant suolo ar ki\u0161en\u0117se i\u0161maniuosius \u012frenginius laikyti draud\u017eiama. Naudotis telefonu pamokoje leid\u017eiama: edukaciniais tikslais mokytojui\u00a0 leidus; \u00a0i\u0161skirtiniais atvejais (trauma, liga, spec. poreikiai). Naudojimas pertrauk\u0173 ir rengini\u0173 metu: Pertrauk\u0173 [&hellip;]<\/p>\n","protected":false},"author":1,"featured_media":0,"parent":0,"menu_order":0,"comment_status":"closed","ping_status":"closed","template":"","meta":{"footnotes":""},"class_list":["post-357","page","type-page","status-publish","hentry"],"_links":{"self":[{"href":"https:\/\/birstonogimnazija.lt\/index.php?rest_route=\/wp\/v2\/pages\/357","targetHints":{"allow":["GET"]}}],"collection":[{"href":"https:\/\/birstonogimnazija.lt\/index.php?rest_route=\/wp\/v2\/pages"}],"about":[{"href":"https:\/\/birstonogimnazija.lt\/index.php?rest_route=\/wp\/v2\/types\/page"}],"author":[{"embeddable":true,"href":"https:\/\/birstonogimnazija.lt\/index.php?rest_route=\/wp\/v2\/users\/1"}],"replies":[{"embeddable":true,"href":"https:\/\/birstonogimnazija.lt\/index.php?rest_route=%2Fwp%2Fv2%2Fcomments&post=357"}],"version-history":[{"count":2,"href":"https:\/\/birstonogimnazija.lt\/index.php?rest_route=\/wp\/v2\/pages\/357\/revisions"}],"predecessor-version":[{"id":501,"href":"https:\/\/birstonogimnazija.lt\/index.php?rest_route=\/wp\/v2\/pages\/357\/revisions\/501"}],"wp:attachment":[{"href":"https:\/\/birstonogimnazija.lt\/index.php?rest_route=%2Fwp%2Fv2%2Fmedia&parent=357"}],"curies":[{"name":"wp","href":"https:\/\/api.w.org\/{rel}","templated":true}]}}