{"id":321,"date":"2026-02-28T19:09:02","date_gmt":"2026-02-28T17:09:02","guid":{"rendered":"https:\/\/birstonogimnazija.lt\/?page_id=321"},"modified":"2026-02-28T19:09:02","modified_gmt":"2026-02-28T17:09:02","slug":"neformalusis-svietimas","status":"publish","type":"page","link":"https:\/\/birstonogimnazija.lt\/?page_id=321","title":{"rendered":"Neformalusis \u0161vietimas"},"content":{"rendered":"<div class=\"aligncenter wp-block-site-logo\"><a href=\"https:\/\/birstonogimnazija.lt\/\" class=\"custom-logo-link\" rel=\"home\"><img loading=\"lazy\" decoding=\"async\" width=\"234\" height=\"156\" src=\"https:\/\/birstonogimnazija.lt\/wp-content\/uploads\/2026\/02\/logo-1700_trans-1.png\" class=\"custom-logo\" alt=\"Bir\u0161tono gimnazija\" srcset=\"https:\/\/birstonogimnazija.lt\/wp-content\/uploads\/2026\/02\/logo-1700_trans-1.png 612w, https:\/\/birstonogimnazija.lt\/wp-content\/uploads\/2026\/02\/logo-1700_trans-1-300x200.png 300w\" sizes=\"auto, (max-width: 234px) 100vw, 234px\" \/><\/a><\/div>\n\n\n<h4 class=\"wp-block-heading has-text-align-center\"><strong>Neformalusis \u0161vietimas<\/strong><\/h4>\n\n\n\n<div class=\"wp-block-columns is-layout-flex wp-container-core-columns-is-layout-9d6595d7 wp-block-columns-is-layout-flex\">\n<div class=\"wp-block-column is-layout-flow wp-block-column-is-layout-flow\">\n<p data-path-to-node=\"0\"><b data-path-to-node=\"0\" data-index-in-node=\"0\">\u00a0 <\/b><\/p>\n<p data-path-to-node=\"0\"><b data-path-to-node=\"0\" data-index-in-node=\"0\">\u00a0Neformalusis \u0161vietimas<\/b> \u2013 tai laisvai pasirenkamas, kryptingas ugdymas, vykstantis u\u017e privalom\u0173 (formali\u0173) mokyklos program\u0173 rib\u0173.<\/p>\n<p data-path-to-node=\"1\">Pagrindiniai bruo\u017eai:<\/p>\n<ul data-path-to-node=\"2\">\n<li>\n<p data-path-to-node=\"2,1,0\"><b data-path-to-node=\"2,1,0\" data-index-in-node=\"0\">Tikslas:<\/b> Tenkinti mokini\u0173 savirai\u0161kos bei pa\u017einimo poreikius, pad\u0117ti atsiskleisti talentams ir ugdyti socialines ar specifines kompetencijas.<\/p>\n<\/li>\n<li>\n<p data-path-to-node=\"2,2,0\"><b data-path-to-node=\"2,2,0\" data-index-in-node=\"0\">Pavyzd\u017eiai:<\/b> Sporto treniruot\u0117s, muzikos ir men\u0173 studijos,\u00a0 robotikos ar programavimo b\u016breliai.<\/p>\n<\/li>\n<li><b data-path-to-node=\"2,0,0\" data-index-in-node=\"0\">Rezultatas:<\/b> Baigus \u0161ias veiklas n\u0117ra i\u0161duodamas oficialus valstyb\u0117s pripa\u017e\u012fstamas i\u0161silavinimo dokumentas.<\/li>\n<\/ul>\n<\/div>\n\n\n\n<div class=\"wp-block-column is-layout-flow wp-block-column-is-layout-flow\">\n<h5 class=\"wp-block-heading has-text-align-center\">2025-2026<\/h5>\n\n\n\n<ul class=\"wp-block-list\">\n<li><a href=\"https:\/\/birstonogimnazija.lt\/wp-content\/uploads\/2026\/02\/NU-renginiai-2025-2026.pdf\" data-type=\"link\" data-id=\"https:\/\/birstonogimnazija.lt\/wp-content\/uploads\/2026\/02\/NU-renginiai-2025-2026.pdf\" target=\"_blank\" rel=\"noreferrer noopener\">Bir\u0161tono gimnazijos NU renginiai 2025-2026<\/a><\/li>\n\n\n\n<li><a href=\"https:\/\/birstonogimnazija.lt\/wp-content\/uploads\/2026\/02\/NU-tvarkarastis_pradiniu-2025-2026.pdf\" data-type=\"link\" data-id=\"https:\/\/birstonogimnazija.lt\/wp-content\/uploads\/2026\/02\/NU-renginiai-2025-2026.pdf\" target=\"_blank\" rel=\"noreferrer noopener\">Bir\u0161tono gimnazijos NU tvarkara\u0161tis 1-4 kl. 2025-2026<\/a><\/li>\n\n\n\n<li><a href=\"https:\/\/birstonogimnazija.lt\/wp-content\/uploads\/2026\/02\/NU-tvarkarastis_pagr-vid-2025-2026.pdf\" data-type=\"link\" data-id=\"https:\/\/birstonogimnazija.lt\/wp-content\/uploads\/2026\/02\/NU-renginiai-2025-2026.pdf\" target=\"_blank\" rel=\"noreferrer noopener\">Bir\u0161tono gimnazijos NU tvarkara\u0161tis 5-12 kl. 2025-2026<\/a><\/li>\n<\/ul>\n\n\n\n<h5 class=\"wp-block-heading has-text-align-center\">2024-2025<\/h5>\n\n\n\n<ul class=\"wp-block-list\">\n<li><a href=\"https:\/\/birstonogimnazija.lt\/wp-content\/uploads\/2026\/02\/NU-tvarkarastis-2024-2025.pdf\" data-type=\"link\" data-id=\"https:\/\/birstonogimnazija.lt\/wp-content\/uploads\/2026\/02\/NU-tvarkarastis-2024-2025.pdf\" target=\"_blank\" rel=\"noreferrer noopener\">Bir\u0161tono gimnazijos NU tvarkara\u0161\u010diai 2024-2025<\/a><\/li>\n<\/ul>\n\n\n\n<h5 class=\"wp-block-heading has-text-align-center\">2023-2024<\/h5>\n\n\n\n<ul class=\"wp-block-list\">\n<li><a href=\"https:\/\/birstonogimnazija.lt\/wp-content\/uploads\/2026\/02\/NU-renginiai-2023-2024.pdf\" data-type=\"link\" data-id=\"https:\/\/birstonogimnazija.lt\/wp-content\/uploads\/2026\/02\/NU-renginiai-2025-2026.pdf\" target=\"_blank\" rel=\"noreferrer noopener\">Bir\u0161tono gimnazijos NU renginiai 2023-2024<\/a><\/li>\n\n\n\n<li><a href=\"https:\/\/birstonogimnazija.lt\/wp-content\/uploads\/2026\/02\/NU-tvarkarastis-2023-2024.pdf\" data-type=\"link\" data-id=\"https:\/\/birstonogimnazija.lt\/wp-content\/uploads\/2026\/02\/NU-renginiai-2025-2026.pdf\" target=\"_blank\" rel=\"noreferrer noopener\">Bir\u0161tono gimnazijos NU tvarkara\u0161tis 2023-2024<\/a><\/li>\n<\/ul>\n\n\n\n<h5 class=\"wp-block-heading has-text-align-center\">2022-2023<\/h5>\n\n\n\n<ul class=\"wp-block-list\">\n<li><a href=\"https:\/\/birstonogimnazija.lt\/wp-content\/uploads\/2026\/02\/NU-renginiai-2022-2023.pdf\" data-type=\"link\" data-id=\"https:\/\/birstonogimnazija.lt\/wp-content\/uploads\/2026\/02\/NU-renginiai-2025-2026.pdf\" target=\"_blank\" rel=\"noreferrer noopener\">Bir\u0161tono gimnazijos NU renginiai 2022-2023<\/a><\/li>\n\n\n\n<li><a href=\"https:\/\/birstonogimnazija.lt\/wp-content\/uploads\/2026\/02\/NU-tvarkarastis-2022-2023.pdf\" data-type=\"link\" data-id=\"https:\/\/birstonogimnazija.lt\/wp-content\/uploads\/2026\/02\/NU-renginiai-2025-2026.pdf\" target=\"_blank\" rel=\"noreferrer noopener\">Bir\u0161tono gimnazijos NU tvarkara\u0161tis 2022-2023<\/a><\/li>\n<\/ul>\n<\/div>\n<\/div>\n\n\n\n<p><\/p>\n","protected":false},"excerpt":{"rendered":"<p>Neformalusis \u0161vietimas \u00a0 \u00a0Neformalusis \u0161vietimas \u2013 tai laisvai pasirenkamas, kryptingas ugdymas, vykstantis u\u017e privalom\u0173 (formali\u0173) mokyklos program\u0173 rib\u0173. Pagrindiniai bruo\u017eai: Tikslas: Tenkinti mokini\u0173 savirai\u0161kos bei pa\u017einimo poreikius, pad\u0117ti atsiskleisti talentams ir ugdyti socialines ar specifines kompetencijas. Pavyzd\u017eiai: Sporto treniruot\u0117s, muzikos ir men\u0173 studijos,\u00a0 robotikos ar programavimo b\u016breliai. Rezultatas: Baigus \u0161ias veiklas n\u0117ra i\u0161duodamas oficialus valstyb\u0117s [&hellip;]<\/p>\n","protected":false},"author":1,"featured_media":0,"parent":0,"menu_order":0,"comment_status":"closed","ping_status":"closed","template":"","meta":{"footnotes":""},"class_list":["post-321","page","type-page","status-publish","hentry"],"_links":{"self":[{"href":"https:\/\/birstonogimnazija.lt\/index.php?rest_route=\/wp\/v2\/pages\/321","targetHints":{"allow":["GET"]}}],"collection":[{"href":"https:\/\/birstonogimnazija.lt\/index.php?rest_route=\/wp\/v2\/pages"}],"about":[{"href":"https:\/\/birstonogimnazija.lt\/index.php?rest_route=\/wp\/v2\/types\/page"}],"author":[{"embeddable":true,"href":"https:\/\/birstonogimnazija.lt\/index.php?rest_route=\/wp\/v2\/users\/1"}],"replies":[{"embeddable":true,"href":"https:\/\/birstonogimnazija.lt\/index.php?rest_route=%2Fwp%2Fv2%2Fcomments&post=321"}],"version-history":[{"count":2,"href":"https:\/\/birstonogimnazija.lt\/index.php?rest_route=\/wp\/v2\/pages\/321\/revisions"}],"predecessor-version":[{"id":323,"href":"https:\/\/birstonogimnazija.lt\/index.php?rest_route=\/wp\/v2\/pages\/321\/revisions\/323"}],"wp:attachment":[{"href":"https:\/\/birstonogimnazija.lt\/index.php?rest_route=%2Fwp%2Fv2%2Fmedia&parent=321"}],"curies":[{"name":"wp","href":"https:\/\/api.w.org\/{rel}","templated":true}]}}