{"id":305,"date":"2026-02-28T18:30:24","date_gmt":"2026-02-28T16:30:24","guid":{"rendered":"https:\/\/birstonogimnazija.lt\/?page_id=305"},"modified":"2026-02-28T18:30:24","modified_gmt":"2026-02-28T16:30:24","slug":"formalusis-svietimas","status":"publish","type":"page","link":"https:\/\/birstonogimnazija.lt\/?page_id=305","title":{"rendered":"Formalusis \u0161vietimas"},"content":{"rendered":"<div class=\"aligncenter wp-block-site-logo\"><a href=\"https:\/\/birstonogimnazija.lt\/\" class=\"custom-logo-link\" rel=\"home\"><img loading=\"lazy\" decoding=\"async\" width=\"234\" height=\"156\" src=\"https:\/\/birstonogimnazija.lt\/wp-content\/uploads\/2026\/02\/logo-1700_trans-1.png\" class=\"custom-logo\" alt=\"Bir\u0161tono gimnazija\" srcset=\"https:\/\/birstonogimnazija.lt\/wp-content\/uploads\/2026\/02\/logo-1700_trans-1.png 612w, https:\/\/birstonogimnazija.lt\/wp-content\/uploads\/2026\/02\/logo-1700_trans-1-300x200.png 300w\" sizes=\"auto, (max-width: 234px) 100vw, 234px\" \/><\/a><\/div>\n\n\n<h4 class=\"wp-block-heading has-text-align-center\"><strong>Formalusis \u0161vietimas<\/strong><\/h4>\n\n\n\n<div class=\"wp-block-columns is-layout-flex wp-container-core-columns-is-layout-9d6595d7 wp-block-columns-is-layout-flex\">\n<div class=\"wp-block-column is-layout-flow wp-block-column-is-layout-flow\">\n<p style=\"padding-left: 40px;\"><strong>Gimnazijoje vykdomos programos<\/strong><\/p>\n<ul>\n<li style=\"list-style-type: none;\">\n<ul>\n<li>pradinio ugdymo programa;<\/li>\n<li>pagrindinio ugdymo programa;<\/li>\n<li>vidurinio ugdymo programa;<\/li>\n<li>individualizuota pradinio ugdymo programa;<\/li>\n<li>individualizuota pagrindinio ugdymo programa;<\/li>\n<li>socialini\u0173 \u012fg\u016bd\u017ei\u0173 ugdymo programa;<\/li>\n<li>pasirenkamojo neformaliojo \u0161vietimo programa;<\/li>\n<\/ul>\n<\/li>\n<\/ul>\n<\/div>\n\n\n\n<div class=\"wp-block-column is-layout-flow wp-block-column-is-layout-flow\">\n<h4 style=\"text-align: center;\"><strong>Dokumentai:<\/strong><\/h4>\n\n\n\n<ul class=\"wp-block-list\">\n<li><a href=\"https:\/\/birstonogimnazija.lt\/wp-content\/uploads\/2026\/02\/BG_programu_BUP-2025_2026.pdf\" data-type=\"link\" data-id=\"https:\/\/birstonogimnazija.lt\/wp-content\/uploads\/2026\/02\/BG_programu_BUP-2025_2026.pdf\" target=\"_blank\" rel=\"noreferrer noopener\">Bir\u0161tono gimnazijos ugdymo program\u0173 ugdymo planai 2025 &#8211; 2026<\/a><\/li>\n\n\n\n<li><a href=\"https:\/\/birstonogimnazija.lt\/wp-content\/uploads\/2026\/02\/BG_programu_BUP-2022-2023.pdf\" data-type=\"link\" data-id=\"https:\/\/birstonogimnazija.lt\/wp-content\/uploads\/2026\/02\/BG_programu_BUP-2022-2023.pdf\" target=\"_blank\" rel=\"noreferrer noopener\">Bir\u0161tono gimnazijos ugdymo program\u0173 ugdymo planai 2022 &#8211; 2023<\/a><\/li>\n<\/ul>\n\n\n\n<h5 class=\"wp-block-heading has-text-align-center\">Archyvas:<\/h5>\n\n\n\n<ul class=\"wp-block-list\">\n<li><a href=\"https:\/\/birstonogimnazija.lt\/wp-content\/uploads\/2026\/02\/BG_programu_UP_pradinis_ugdymas_2020-2021.pdf\" data-type=\"link\" data-id=\"https:\/\/birstonogimnazija.lt\/wp-content\/uploads\/2026\/02\/BG_programu_BUP-2022-2023.pdf\" target=\"_blank\" rel=\"noreferrer noopener\">Bir\u0161tono gimnazijos pradinio ugdymo programos ugdymo planas 2020 &#8211; 2021<\/a><\/li>\n\n\n\n<li><a href=\"https:\/\/birstonogimnazija.lt\/wp-content\/uploads\/2026\/02\/BG_programu_UP_pradinis_ugdymas_2019-2020.pdf\" data-type=\"link\" data-id=\"https:\/\/birstonogimnazija.lt\/wp-content\/uploads\/2026\/02\/BG_programu_UP_pradinis_ugdymas_2019-2020.pdf\" target=\"_blank\" rel=\"noreferrer noopener\">Bir\u0161tono gimnazijos pradinio ugdymo programos ugdymo planas 2019 &#8211; 2020<\/a><\/li>\n\n\n\n<li><a href=\"https:\/\/birstonogimnazija.lt\/wp-content\/uploads\/2026\/02\/BG_programu_UP_pagr_ir_vid_ugdymas_2019-2020.pdf\" data-type=\"link\" data-id=\"https:\/\/birstonogimnazija.lt\/wp-content\/uploads\/2026\/02\/BG_programu_UP_pradinis_ugdymas_2019-2020.pdf\" target=\"_blank\" rel=\"noreferrer noopener\">Bir\u0161tono gimnazijos pagrindinio ir vidurinio ugdymo program\u0173 ugdymo planai 2019 &#8211; 2020<\/a><\/li>\n<\/ul>\n<\/div>\n<\/div>\n\n\n\n<p><\/p>\n","protected":false},"excerpt":{"rendered":"<p>Formalusis \u0161vietimas Gimnazijoje vykdomos programos pradinio ugdymo programa; pagrindinio ugdymo programa; vidurinio ugdymo programa; individualizuota pradinio ugdymo programa; individualizuota pagrindinio ugdymo programa; socialini\u0173 \u012fg\u016bd\u017ei\u0173 ugdymo programa; pasirenkamojo neformaliojo \u0161vietimo programa; Dokumentai: Archyvas:<\/p>\n","protected":false},"author":1,"featured_media":0,"parent":0,"menu_order":0,"comment_status":"closed","ping_status":"closed","template":"","meta":{"footnotes":""},"class_list":["post-305","page","type-page","status-publish","hentry"],"_links":{"self":[{"href":"https:\/\/birstonogimnazija.lt\/index.php?rest_route=\/wp\/v2\/pages\/305","targetHints":{"allow":["GET"]}}],"collection":[{"href":"https:\/\/birstonogimnazija.lt\/index.php?rest_route=\/wp\/v2\/pages"}],"about":[{"href":"https:\/\/birstonogimnazija.lt\/index.php?rest_route=\/wp\/v2\/types\/page"}],"author":[{"embeddable":true,"href":"https:\/\/birstonogimnazija.lt\/index.php?rest_route=\/wp\/v2\/users\/1"}],"replies":[{"embeddable":true,"href":"https:\/\/birstonogimnazija.lt\/index.php?rest_route=%2Fwp%2Fv2%2Fcomments&post=305"}],"version-history":[{"count":1,"href":"https:\/\/birstonogimnazija.lt\/index.php?rest_route=\/wp\/v2\/pages\/305\/revisions"}],"predecessor-version":[{"id":311,"href":"https:\/\/birstonogimnazija.lt\/index.php?rest_route=\/wp\/v2\/pages\/305\/revisions\/311"}],"wp:attachment":[{"href":"https:\/\/birstonogimnazija.lt\/index.php?rest_route=%2Fwp%2Fv2%2Fmedia&parent=305"}],"curies":[{"name":"wp","href":"https:\/\/api.w.org\/{rel}","templated":true}]}}