{"id":302,"date":"2026-02-28T13:35:04","date_gmt":"2026-02-28T11:35:04","guid":{"rendered":"https:\/\/birstonogimnazija.lt\/?page_id=302"},"modified":"2026-02-28T13:35:04","modified_gmt":"2026-02-28T11:35:04","slug":"laisvos-darbo-vietos","status":"publish","type":"page","link":"https:\/\/birstonogimnazija.lt\/?page_id=302","title":{"rendered":"Laisvos darbo vietos"},"content":{"rendered":"<div class=\"aligncenter wp-block-site-logo\"><a href=\"https:\/\/birstonogimnazija.lt\/\" class=\"custom-logo-link\" rel=\"home\"><img loading=\"lazy\" decoding=\"async\" width=\"234\" height=\"156\" src=\"https:\/\/birstonogimnazija.lt\/wp-content\/uploads\/2026\/02\/logo-1700_trans-1.png\" class=\"custom-logo\" alt=\"Bir\u0161tono gimnazija\" srcset=\"https:\/\/birstonogimnazija.lt\/wp-content\/uploads\/2026\/02\/logo-1700_trans-1.png 612w, https:\/\/birstonogimnazija.lt\/wp-content\/uploads\/2026\/02\/logo-1700_trans-1-300x200.png 300w\" sizes=\"auto, (max-width: 234px) 100vw, 234px\" \/><\/a><\/div>\n\n\n<h4 class=\"wp-block-heading has-text-align-center\"><strong>Bir\u0161tono gimnazijos laisvos darbo vietos<\/strong><\/h4>\n\n\n<p>\u0160iuo metu laisv\u0173 darbo viet\u0173 n\u0117ra&#8230;<\/p>\n\n\n<p><\/p>\n","protected":false},"excerpt":{"rendered":"<p>Bir\u0161tono gimnazijos laisvos darbo vietos \u0160iuo metu laisv\u0173 darbo viet\u0173 n\u0117ra&#8230;<\/p>\n","protected":false},"author":1,"featured_media":0,"parent":0,"menu_order":0,"comment_status":"closed","ping_status":"closed","template":"","meta":{"footnotes":""},"class_list":["post-302","page","type-page","status-publish","hentry"],"_links":{"self":[{"href":"https:\/\/birstonogimnazija.lt\/index.php?rest_route=\/wp\/v2\/pages\/302","targetHints":{"allow":["GET"]}}],"collection":[{"href":"https:\/\/birstonogimnazija.lt\/index.php?rest_route=\/wp\/v2\/pages"}],"about":[{"href":"https:\/\/birstonogimnazija.lt\/index.php?rest_route=\/wp\/v2\/types\/page"}],"author":[{"embeddable":true,"href":"https:\/\/birstonogimnazija.lt\/index.php?rest_route=\/wp\/v2\/users\/1"}],"replies":[{"embeddable":true,"href":"https:\/\/birstonogimnazija.lt\/index.php?rest_route=%2Fwp%2Fv2%2Fcomments&post=302"}],"version-history":[{"count":1,"href":"https:\/\/birstonogimnazija.lt\/index.php?rest_route=\/wp\/v2\/pages\/302\/revisions"}],"predecessor-version":[{"id":303,"href":"https:\/\/birstonogimnazija.lt\/index.php?rest_route=\/wp\/v2\/pages\/302\/revisions\/303"}],"wp:attachment":[{"href":"https:\/\/birstonogimnazija.lt\/index.php?rest_route=%2Fwp%2Fv2%2Fmedia&parent=302"}],"curies":[{"name":"wp","href":"https:\/\/api.w.org\/{rel}","templated":true}]}}