{"id":291,"date":"2026-02-28T13:31:13","date_gmt":"2026-02-28T11:31:13","guid":{"rendered":"https:\/\/birstonogimnazija.lt\/?page_id=291"},"modified":"2026-02-28T13:31:13","modified_gmt":"2026-02-28T11:31:13","slug":"veiklos-kokybes-isivertinimas","status":"publish","type":"page","link":"https:\/\/birstonogimnazija.lt\/?page_id=291","title":{"rendered":"Veiklos kokyb\u0117s \u012fsivertinimas"},"content":{"rendered":"<div class=\"aligncenter wp-block-site-logo\"><a href=\"https:\/\/birstonogimnazija.lt\/\" class=\"custom-logo-link\" rel=\"home\"><img loading=\"lazy\" decoding=\"async\" width=\"234\" height=\"156\" src=\"https:\/\/birstonogimnazija.lt\/wp-content\/uploads\/2026\/02\/logo-1700_trans-1.png\" class=\"custom-logo\" alt=\"Bir\u0161tono gimnazija\" srcset=\"https:\/\/birstonogimnazija.lt\/wp-content\/uploads\/2026\/02\/logo-1700_trans-1.png 612w, https:\/\/birstonogimnazija.lt\/wp-content\/uploads\/2026\/02\/logo-1700_trans-1-300x200.png 300w\" sizes=\"auto, (max-width: 234px) 100vw, 234px\" \/><\/a><\/div>\n\n\n<h4 class=\"wp-block-heading has-text-align-center\"><strong>Mokyklos veiklos kokyb\u0117s \u012fsivertinimo darbo grup\u0117 2025\/2026 m.m.\u00a0<\/strong><\/h4>\n\n\n\n<div class=\"wp-block-columns is-layout-flex wp-container-core-columns-is-layout-9d6595d7 wp-block-columns-is-layout-flex\">\n<div class=\"wp-block-column is-layout-flow wp-block-column-is-layout-flow\">\n<h4 style=\"text-align: center;\">\u00a0<\/h4>\n<ul>\n<li style=\"list-style-type: none;\">\n<ul>\n<li style=\"list-style-type: none;\">\n<ul>\n<li style=\"list-style-type: none;\">\n<ul>\n<li><span data-contrast=\"auto\">A. Ferevi\u010dien\u0117 \u2013 grup\u0117s pirminink\u0117<\/span><\/li>\n<li><span data-contrast=\"auto\">A. Lasatien\u0117<\/span><\/li>\n<li><span data-contrast=\"auto\">L. Janulevi\u010dien\u0117<\/span><\/li>\n<li><span data-contrast=\"auto\">R. Stravinskien\u0117<\/span><\/li>\n<li><span data-contrast=\"auto\">R. Vilkauskas<\/span><\/li>\n<li><span data-contrast=\"auto\">I. Montvydien\u0117<\/span><\/li>\n<li><span data-contrast=\"auto\">V. Vasiljev\u0117<\/span><\/li>\n<li><span data-contrast=\"auto\">D. \u0160ukevi\u010dien\u0117<\/span><\/li>\n<li><span data-contrast=\"auto\">D. Jonykait\u0117 \u2013 Snapaitien\u0117<\/span><\/li>\n<li><span data-contrast=\"auto\">A. \u016asien\u0117<\/span><span data-ccp-props=\"{&quot;469777462&quot;:[720,1276],&quot;469777927&quot;:[0,0],&quot;469777928&quot;:[0,8]}\"><br \/><\/span><\/li>\n<li><span data-contrast=\"auto\">V. \u017diobien\u0117<\/span><\/li>\n<\/ul>\n<\/li>\n<\/ul>\n<\/li>\n<\/ul>\n<\/li>\n<\/ul>\n<\/div>\n\n\n\n<div class=\"wp-block-column is-vertically-aligned-center is-layout-flow wp-block-column-is-layout-flow\">\n<h5 class=\"wp-block-heading has-text-align-left\">    Dokumentai:<\/h5>\n\n\n\n<ul class=\"wp-block-list\">\n<li><a href=\"https:\/\/birstonogimnazija.lt\/wp-content\/uploads\/2026\/02\/kokybes_isivertinimo_veiklos_planas_22-23.pdf\" data-type=\"link\" data-id=\"https:\/\/birstonogimnazija.lt\/wp-content\/uploads\/2026\/02\/kokybes_isivertinimo_veiklos_planas_22-23.pdf\" target=\"_blank\" rel=\"noreferrer noopener\">2022 &#8211; 2023 m. m. darbo grup\u0117s planas<\/a><\/li>\n\n\n\n<li><a href=\"https:\/\/birstonogimnazija.lt\/wp-content\/uploads\/2026\/02\/Klasiu-vidurkiu-analize.pdf\" data-type=\"link\" data-id=\"https:\/\/birstonogimnazija.lt\/wp-content\/uploads\/2026\/02\/Klasiu-vidurkiu-analize.pdf\" target=\"_blank\" rel=\"noreferrer noopener\">Klasi\u0173 vidurki\u0173 analiz\u0117<\/a><\/li>\n\n\n\n<li><a href=\"https:\/\/birstonogimnazija.lt\/wp-content\/uploads\/2026\/02\/kokybes_isivertinimo_veiklos_planas_20-21.pdf\" data-type=\"link\" data-id=\"https:\/\/birstonogimnazija.lt\/wp-content\/uploads\/2026\/02\/kokybes_isivertinimo_veiklos_planas_22-23.pdf\" target=\"_blank\" rel=\"noreferrer noopener\">2020 &#8211; 2021 m. m. darbo grup\u0117s planas<\/a><\/li>\n\n\n\n<li><a href=\"https:\/\/birstonogimnazija.lt\/wp-content\/uploads\/2026\/02\/kokybes_isivertinimo_veiklos_planas_20-21.pdf\" data-type=\"link\" data-id=\"https:\/\/birstonogimnazija.lt\/wp-content\/uploads\/2026\/02\/kokybes_isivertinimo_veiklos_planas_22-23.pdf\" target=\"_blank\" rel=\"noreferrer noopener\">2019 &#8211; 2020 m. m. darbo grup\u0117s planas<\/a><\/li>\n<\/ul>\n<\/div>\n<\/div>\n","protected":false},"excerpt":{"rendered":"<p>Mokyklos veiklos kokyb\u0117s \u012fsivertinimo darbo grup\u0117 2025\/2026 m.m.\u00a0 \u00a0 A. Ferevi\u010dien\u0117 \u2013 grup\u0117s pirminink\u0117 A. Lasatien\u0117 L. Janulevi\u010dien\u0117 R. Stravinskien\u0117 R. Vilkauskas I. Montvydien\u0117 V. Vasiljev\u0117 D. \u0160ukevi\u010dien\u0117 D. Jonykait\u0117 \u2013 Snapaitien\u0117 A. \u016asien\u0117 V. \u017diobien\u0117 Dokumentai:<\/p>\n","protected":false},"author":1,"featured_media":0,"parent":0,"menu_order":0,"comment_status":"closed","ping_status":"closed","template":"","meta":{"footnotes":""},"class_list":["post-291","page","type-page","status-publish","hentry"],"_links":{"self":[{"href":"https:\/\/birstonogimnazija.lt\/index.php?rest_route=\/wp\/v2\/pages\/291","targetHints":{"allow":["GET"]}}],"collection":[{"href":"https:\/\/birstonogimnazija.lt\/index.php?rest_route=\/wp\/v2\/pages"}],"about":[{"href":"https:\/\/birstonogimnazija.lt\/index.php?rest_route=\/wp\/v2\/types\/page"}],"author":[{"embeddable":true,"href":"https:\/\/birstonogimnazija.lt\/index.php?rest_route=\/wp\/v2\/users\/1"}],"replies":[{"embeddable":true,"href":"https:\/\/birstonogimnazija.lt\/index.php?rest_route=%2Fwp%2Fv2%2Fcomments&post=291"}],"version-history":[{"count":5,"href":"https:\/\/birstonogimnazija.lt\/index.php?rest_route=\/wp\/v2\/pages\/291\/revisions"}],"predecessor-version":[{"id":300,"href":"https:\/\/birstonogimnazija.lt\/index.php?rest_route=\/wp\/v2\/pages\/291\/revisions\/300"}],"wp:attachment":[{"href":"https:\/\/birstonogimnazija.lt\/index.php?rest_route=%2Fwp%2Fv2%2Fmedia&parent=291"}],"curies":[{"name":"wp","href":"https:\/\/api.w.org\/{rel}","templated":true}]}}