{"id":228,"date":"2026-02-27T23:48:35","date_gmt":"2026-02-27T21:48:35","guid":{"rendered":"https:\/\/birstonogimnazija.lt\/?page_id=228"},"modified":"2026-02-27T23:48:35","modified_gmt":"2026-02-27T21:48:35","slug":"vadovas","status":"publish","type":"page","link":"https:\/\/birstonogimnazija.lt\/?page_id=228","title":{"rendered":"Vadovas"},"content":{"rendered":"<div class=\"aligncenter wp-block-site-logo\"><a href=\"https:\/\/birstonogimnazija.lt\/\" class=\"custom-logo-link\" rel=\"home\"><img loading=\"lazy\" decoding=\"async\" width=\"216\" height=\"144\" src=\"https:\/\/birstonogimnazija.lt\/wp-content\/uploads\/2026\/02\/logo-1700_trans-1.png\" class=\"custom-logo\" alt=\"Bir\u0161tono gimnazija\" srcset=\"https:\/\/birstonogimnazija.lt\/wp-content\/uploads\/2026\/02\/logo-1700_trans-1.png 612w, https:\/\/birstonogimnazija.lt\/wp-content\/uploads\/2026\/02\/logo-1700_trans-1-300x200.png 300w\" sizes=\"auto, (max-width: 216px) 100vw, 216px\" \/><\/a><\/div>\n\n\n<h2 class=\"wp-block-heading has-text-align-center\">Vadovas<\/h2>\n\n\n<style>\n    .director-wrapper {\n        font-family: inherit;\n        padding: 0.8rem 1rem 2rem 1rem;\n        display: flex;\n        justify-content: center;\n    }\n    .director-card {\n        background: #ffffff;\n        max-width: 800px;\n        width: 100%;\n        border-radius: 12px;\n        box-shadow: 0 4px 20px rgba(0,0,0,0.08);\n        padding: 3rem 2rem 2rem;\n        text-align: center;\n        margin-top: 60px;\n        border: 1px solid #eaeaea;\n    }\n    .director-photo {\n        width: 180px;\n        height: 230px;\n        object-fit: cover;\n        border-radius: 8px;\n        margin-top: -90px;\n        box-shadow: 0 8px 16px rgba(0,0,0,0.15);\n        background-color: #fff;\n        border: 4px solid #fff;\n    }\n    .director-title-small {\n        font-size: 1rem;\n        color: #555;\n        margin: 1.5rem 0 0.2rem;\n    }\n    .director-name {\n        font-size: 1.5rem;\n        color: #222;\n        margin: 0 0 1rem;\n        font-weight: 600;\n    }\n    .director-quals {\n        font-size: 0.95rem;\n        color: #444;\n        line-height: 1.5;\n        max-width: 600px;\n        margin: 0 auto 1.5rem;\n    }\n    .director-contacts {\n        background: #f8f9fa;\n        border-radius: 8px;\n        padding: 1rem 1.5rem;\n        display: inline-flex;\n        flex-wrap: wrap;\n        gap: 1.5rem;\n        justify-content: center;\n        margin-bottom: 1.5rem;\n    }\n    .contact-item {\n        display: flex;\n        align-items: center;\n        gap: 0.5rem;\n        font-size: 0.95rem;\n        color: #333;\n    }\n    .contact-item svg {\n        color: #6c757d;\n        flex-shrink: 0;\n    }\n    .contact-item a {\n        color: #0056b3;\n        text-decoration: none;\n    }\n    .director-cv {\n        text-align: right;\n        margin-bottom: 1rem;\n    }\n    .director-cv a {\n        font-size: 0.95rem;\n        color: #333;\n        text-decoration: underline;\n    }\n    .director-divider {\n        border-top: 1px solid #ddd;\n        margin: 1.5rem 0;\n    }\n    .director-reports {\n        text-align: left;\n        list-style: none;\n        padding: 0;\n        margin: 0;\n    }\n    .director-reports li {\n        margin-bottom: 0.6rem;\n    }\n    .director-reports a {\n        color: #333;\n        text-decoration: none;\n        font-size: 0.95rem;\n        transition: color 0.2s;\n    }\n    .director-reports a:hover {\n        color: #0056b3;\n        text-decoration: underline;\n    }\n<\/style>\n\n<div class=\"director-wrapper\">\n    <div class=\"director-card\">\n        <img decoding=\"async\" src=\"https:\/\/birstonogimnazija.lt\/wp-content\/uploads\/2026\/02\/direktorius_2026_h300-rembg.png\" alt=\"Alvydas Urbanavi\u010dius\" class=\"director-photo\">\n        \n        <p class=\"director-title-small\">Bir\u0161tono gimnazijos direktorius<\/p>\n        <h3 class=\"director-name\">Alvydas Urbanavi\u010dius<\/h3>\n        \n        <p class=\"director-quals\">\n            I vadybos kvalifikacin\u0117 kategorija, \u0161vietimo vadybos ekspertas, edukologijos magistras, matematikos mokytojas metodininkas\n        <\/p>\n        \n        <div class=\"director-contacts\">\n            <div class=\"contact-item\">\n                <svg xmlns=\"http:\/\/www.w3.org\/2000\/svg\" width=\"16\" height=\"16\" fill=\"currentColor\" viewBox=\"0 0 16 16\"><path d=\"M3.654 1.328a.678.678 0 0 0-1.015-.063L1.605 2.3c-.483.484-.661 1.169-.45 1.77a17.568 17.568 0 0 0 4.168 6.608 17.569 17.569 0 0 0 6.608 4.168c.601.211 1.286.033 1.77-.45l1.034-1.034a.678.678 0 0 0-.063-1.015l-2.307-1.794a.678.678 0 0 0-.58-.122l-2.19.547a1.745 1.745 0 0 1-1.657-.459L5.482 8.062a1.745 1.745 0 0 1-.46-1.657l.548-2.19a.678.678 0 0 0-.122-.58L3.654 1.328zM1.884.511a1.745 1.745 0 0 1 2.612.163L6.29 2.98c.329.423.445.974.315 1.494l-.547 2.19a.678.678 0 0 0 .178.643l2.457 2.457a.678.678 0 0 0 .644.178l2.189-.547a1.745 1.745 0 0 1 1.494.315l2.306 1.794c.829.645.905 1.87.163 2.611l-1.034 1.034c-.74.74-1.846 1.065-2.877.702a18.634 18.634 0 0 1-7.01-4.42 18.634 18.634 0 0 1-4.42-7.009c-.362-1.03-.037-2.137.703-2.877L1.885.511z\"\/><\/svg>\n                0 (319) 65701\n            <\/div>\n            <div class=\"contact-item\">\n                <svg xmlns=\"http:\/\/www.w3.org\/2000\/svg\" width=\"16\" height=\"16\" fill=\"currentColor\" viewBox=\"0 0 16 16\"><path d=\"M3 2a2 2 0 0 1 2-2h6a2 2 0 0 1 2 2v12a2 2 0 0 1-2 2H5a2 2 0 0 1-2-2zm6 11a1 1 0 1 0-2 0 1 1 0 0 0 2 0\"\/><\/svg>\n                +370 (687) 85115\n            <\/div>\n            <div class=\"contact-item\">\n                <svg xmlns=\"http:\/\/www.w3.org\/2000\/svg\" width=\"16\" height=\"16\" fill=\"currentColor\" viewBox=\"0 0 16 16\"><path d=\"M.05 3.555A2 2 0 0 1 2 2h12a2 2 0 0 1 1.95 1.555L8 8.414.05 3.555ZM0 4.697v7.104l5.803-3.558zM6.761 8.83l-6.57 4.027A2 2 0 0 0 2 14h12a2 2 0 0 0 1.808-1.144l-6.57-4.027L8 9.586l-1.239-.757Zm3.436-.586L16 11.801V4.697l-5.803 3.546Z\"\/><\/svg>\n                <a href=\"mailto:alvydasurb@gmail.com\">alvydasurb@gmail.com<\/a>\n            <\/div>\n        <\/div>\n        \n        <div class=\"director-cv\">\n            <a href=\"https:\/\/birstonogimnazija.lt\/wp-content\/uploads\/2026\/02\/direktoriaus-GA-2020.pdf\" target=\"_blank\" rel=\"noopener noreferrer\">Gyvenimo apra\u0161ymas<\/a>\n        <\/div>\n        \n        <div class=\"director-divider\"><\/div>\n        \n        <ul class=\"director-reports\">\n            <li><a href=\"https:\/\/birstonogimnazija.lt\/wp-content\/uploads\/2026\/02\/direktoriaus-2020-veiklos-ataskaita.pdf\" target=\"_blank\" rel=\"noopener noreferrer\">&bull; Bir\u0161tono gimnazijos direktoriaus 2020 m. veiklos ataskaita<\/a><\/li>\n            <li><a href=\"https:\/\/birstonogimnazija.lt\/wp-content\/uploads\/2026\/02\/direktoriaus-2021-veiklos-ataskaita.pdf\" target=\"_blank\" rel=\"noopener noreferrer\">&bull; Bir\u0161tono gimnazijos direktoriaus 2021 m. veiklos ataskaita<\/a><\/li>\n            <li><a href=\"https:\/\/birstonogimnazija.lt\/wp-content\/uploads\/2026\/02\/direktoriaus-2022-veiklos-ataskaita.pdf\" target=\"_blank\" rel=\"noopener noreferrer\">&bull; Bir\u0161tono gimnazijos direktoriaus 2022 m. veiklos ataskaita<\/a><\/li>\n            <li><a href=\"https:\/\/birstonogimnazija.lt\/wp-content\/uploads\/2026\/02\/direktoriaus-2023-veiklos-ataskaita.pdf\" target=\"_blank\" rel=\"noopener noreferrer\">&bull; Bir\u0161tono gimnazijos direktoriaus 2023 m. veiklos ataskaita<\/a><\/li>\n            <li><a href=\"https:\/\/birstonogimnazija.lt\/wp-content\/uploads\/2026\/02\/direktoriaus-2024-veiklos-ataskaita.pdf\" target=\"_blank\" rel=\"noopener noreferrer\">&bull; Bir\u0161tono gimnazijos direktoriaus 2024 m. veiklos ataskaita<\/a><\/li>\n        <\/ul>\n    <\/div>\n<\/div>\n\n\n<p><\/p>\n","protected":false},"excerpt":{"rendered":"<p>Vadovas Bir\u0161tono gimnazijos direktorius Alvydas Urbanavi\u010dius I vadybos kvalifikacin\u0117 kategorija, \u0161vietimo vadybos ekspertas, edukologijos magistras, matematikos mokytojas metodininkas 0 (319) 65701 +370 (687) 85115 alvydasurb@gmail.com Gyvenimo apra\u0161ymas &bull; Bir\u0161tono gimnazijos direktoriaus 2020 m. veiklos ataskaita &bull; Bir\u0161tono gimnazijos direktoriaus 2021 m. veiklos ataskaita &bull; Bir\u0161tono gimnazijos direktoriaus 2022 m. veiklos ataskaita &bull; Bir\u0161tono gimnazijos direktoriaus [&hellip;]<\/p>\n","protected":false},"author":1,"featured_media":0,"parent":0,"menu_order":0,"comment_status":"closed","ping_status":"closed","template":"","meta":{"footnotes":""},"class_list":["post-228","page","type-page","status-publish","hentry"],"_links":{"self":[{"href":"https:\/\/birstonogimnazija.lt\/index.php?rest_route=\/wp\/v2\/pages\/228","targetHints":{"allow":["GET"]}}],"collection":[{"href":"https:\/\/birstonogimnazija.lt\/index.php?rest_route=\/wp\/v2\/pages"}],"about":[{"href":"https:\/\/birstonogimnazija.lt\/index.php?rest_route=\/wp\/v2\/types\/page"}],"author":[{"embeddable":true,"href":"https:\/\/birstonogimnazija.lt\/index.php?rest_route=\/wp\/v2\/users\/1"}],"replies":[{"embeddable":true,"href":"https:\/\/birstonogimnazija.lt\/index.php?rest_route=%2Fwp%2Fv2%2Fcomments&post=228"}],"version-history":[{"count":4,"href":"https:\/\/birstonogimnazija.lt\/index.php?rest_route=\/wp\/v2\/pages\/228\/revisions"}],"predecessor-version":[{"id":232,"href":"https:\/\/birstonogimnazija.lt\/index.php?rest_route=\/wp\/v2\/pages\/228\/revisions\/232"}],"wp:attachment":[{"href":"https:\/\/birstonogimnazija.lt\/index.php?rest_route=%2Fwp%2Fv2%2Fmedia&parent=228"}],"curies":[{"name":"wp","href":"https:\/\/api.w.org\/{rel}","templated":true}]}}