{"id":192,"date":"2026-02-27T19:45:01","date_gmt":"2026-02-27T17:45:01","guid":{"rendered":"https:\/\/birstonogimnazija.lt\/?page_id=192"},"modified":"2026-02-27T19:45:01","modified_gmt":"2026-02-27T17:45:01","slug":"mokiniu-taryba","status":"publish","type":"page","link":"https:\/\/birstonogimnazija.lt\/?page_id=192","title":{"rendered":"Mokini\u0173 taryba"},"content":{"rendered":"\n<div class=\"wp-block-columns is-layout-flex wp-container-core-columns-is-layout-9d6595d7 wp-block-columns-is-layout-flex\">\n<div class=\"wp-block-column is-layout-flow wp-block-column-is-layout-flow\"><div class=\"aligncenter wp-block-site-logo\"><a href=\"https:\/\/birstonogimnazija.lt\/\" class=\"custom-logo-link\" rel=\"home\"><img loading=\"lazy\" decoding=\"async\" width=\"234\" height=\"156\" src=\"https:\/\/birstonogimnazija.lt\/wp-content\/uploads\/2026\/02\/logo-1700_trans-1.png\" class=\"custom-logo\" alt=\"Bir\u0161tono gimnazija\" srcset=\"https:\/\/birstonogimnazija.lt\/wp-content\/uploads\/2026\/02\/logo-1700_trans-1.png 612w, https:\/\/birstonogimnazija.lt\/wp-content\/uploads\/2026\/02\/logo-1700_trans-1-300x200.png 300w\" sizes=\"auto, (max-width: 234px) 100vw, 234px\" \/><\/a><\/div>\n\n\n<h4 class=\"wp-block-heading has-text-align-center\"><strong>Mokini\u0173 taryba 2025-2026 m. m.<\/strong><\/h4>\n<\/div>\n<\/div>\n\n\n\n<div class=\"wp-block-columns is-layout-flex wp-container-core-columns-is-layout-9d6595d7 wp-block-columns-is-layout-flex\">\n<div class=\"wp-block-column is-layout-flow wp-block-column-is-layout-flow\">\n<p data-wp-context---core-fit-text=\"core\/fit-text::{&quot;fontSize&quot;:&quot;&quot;}\" data-wp-init---core-fit-text=\"core\/fit-text::callbacks.init\" data-wp-interactive data-wp-style--font-size=\"core\/fit-text::context.fontSize\" class=\"has-fit-text\"><\/p>\n\n\n<div class=\"wp-block-image\">\n<figure class=\"aligncenter size-full is-resized\"><img loading=\"lazy\" decoding=\"async\" width=\"379\" height=\"447\" src=\"https:\/\/birstonogimnazija.lt\/wp-content\/uploads\/2026\/02\/prezidente.png\" alt=\"\" class=\"wp-image-193\" style=\"aspect-ratio:3\/4;object-fit:cover;width:auto;height:300px\" srcset=\"https:\/\/birstonogimnazija.lt\/wp-content\/uploads\/2026\/02\/prezidente.png 379w, https:\/\/birstonogimnazija.lt\/wp-content\/uploads\/2026\/02\/prezidente-254x300.png 254w\" sizes=\"auto, (max-width: 379px) 100vw, 379px\" \/><\/figure>\n<\/div>\n\n\n<h5 class=\"wp-block-heading has-text-align-center\">Mokini\u0173 tarybos prezident\u0117 Evelina Varnelyt\u0117<\/h5>\n<\/div>\n\n\n\n<div class=\"wp-block-column is-layout-flow wp-block-column-is-layout-flow\">\n<p>\u00a0 \u00a0<strong>Mokyklos tarybos nariai:<\/strong><\/p>\n<ul>\n<li>Evelina Varnelyt\u0117<\/li>\n<li>Vyt\u0117 Vaitkevi\u010di\u016bt\u0117<\/li>\n<li>Vaida Vaitkevi\u010di\u016bt\u0117<\/li>\n<li>Goda Jakimonyt\u0117<\/li>\n<li>Elz\u0117 Bisikirskait\u0117<\/li>\n<\/ul>\n<p>\u00a0 \u00a0<strong>Jaunimo tarybos nariai:<\/strong><\/p>\n<ul>\n<li>Evelina Varnelyt\u0117<\/li>\n<li>Emilija Brazaityt\u0117<\/li>\n<\/ul>\n<\/div>\n<\/div>\n\n\n\n<h3 class=\"wp-block-heading has-text-align-center\"><a href=\"https:\/\/birstonogimnazija.lt\/wp-content\/uploads\/2026\/02\/MP-nuostatai.pdf\" target=\"_blank\" rel=\"noopener\"><strong>Mokini\u0173 perlamento nuostatai<\/strong><\/a><\/h3>\n","protected":false},"excerpt":{"rendered":"<p>Mokini\u0173 taryba 2025-2026 m. m. Mokini\u0173 tarybos prezident\u0117 Evelina Varnelyt\u0117 \u00a0 \u00a0Mokyklos tarybos nariai: Evelina Varnelyt\u0117 Vyt\u0117 Vaitkevi\u010di\u016bt\u0117 Vaida Vaitkevi\u010di\u016bt\u0117 Goda Jakimonyt\u0117 Elz\u0117 Bisikirskait\u0117 \u00a0 \u00a0Jaunimo tarybos nariai: Evelina Varnelyt\u0117 Emilija Brazaityt\u0117 Mokini\u0173 perlamento nuostatai<\/p>\n","protected":false},"author":1,"featured_media":0,"parent":0,"menu_order":0,"comment_status":"closed","ping_status":"closed","template":"","meta":{"footnotes":""},"class_list":["post-192","page","type-page","status-publish","hentry"],"_links":{"self":[{"href":"https:\/\/birstonogimnazija.lt\/index.php?rest_route=\/wp\/v2\/pages\/192","targetHints":{"allow":["GET"]}}],"collection":[{"href":"https:\/\/birstonogimnazija.lt\/index.php?rest_route=\/wp\/v2\/pages"}],"about":[{"href":"https:\/\/birstonogimnazija.lt\/index.php?rest_route=\/wp\/v2\/types\/page"}],"author":[{"embeddable":true,"href":"https:\/\/birstonogimnazija.lt\/index.php?rest_route=\/wp\/v2\/users\/1"}],"replies":[{"embeddable":true,"href":"https:\/\/birstonogimnazija.lt\/index.php?rest_route=%2Fwp%2Fv2%2Fcomments&post=192"}],"version-history":[{"count":1,"href":"https:\/\/birstonogimnazija.lt\/index.php?rest_route=\/wp\/v2\/pages\/192\/revisions"}],"predecessor-version":[{"id":195,"href":"https:\/\/birstonogimnazija.lt\/index.php?rest_route=\/wp\/v2\/pages\/192\/revisions\/195"}],"wp:attachment":[{"href":"https:\/\/birstonogimnazija.lt\/index.php?rest_route=%2Fwp%2Fv2%2Fmedia&parent=192"}],"curies":[{"name":"wp","href":"https:\/\/api.w.org\/{rel}","templated":true}]}}