{"id":185,"date":"2026-02-27T19:21:03","date_gmt":"2026-02-27T17:21:03","guid":{"rendered":"https:\/\/birstonogimnazija.lt\/?page_id=185"},"modified":"2026-02-27T19:21:03","modified_gmt":"2026-02-27T17:21:03","slug":"metodine-taryba","status":"publish","type":"page","link":"https:\/\/birstonogimnazija.lt\/?page_id=185","title":{"rendered":"Metodin\u0117 taryba"},"content":{"rendered":"<div class=\"aligncenter wp-block-site-logo\"><a href=\"https:\/\/birstonogimnazija.lt\/\" class=\"custom-logo-link\" rel=\"home\"><img loading=\"lazy\" decoding=\"async\" width=\"234\" height=\"156\" src=\"https:\/\/birstonogimnazija.lt\/wp-content\/uploads\/2026\/02\/logo-1700_trans-1.png\" class=\"custom-logo\" alt=\"Bir\u0161tono gimnazija\" srcset=\"https:\/\/birstonogimnazija.lt\/wp-content\/uploads\/2026\/02\/logo-1700_trans-1.png 612w, https:\/\/birstonogimnazija.lt\/wp-content\/uploads\/2026\/02\/logo-1700_trans-1-300x200.png 300w\" sizes=\"auto, (max-width: 234px) 100vw, 234px\" \/><\/a><\/div>\n\n\n<h4 class=\"wp-block-heading has-text-align-center\"><strong>Metodin\u0117 taryba<\/strong><\/h4>\n\n\n<style>\n    .methodical-container {\n        font-family: -apple-system, BlinkMacSystemFont, \"Segoe UI\", Roboto, sans-serif;\n        color: #1e1e1e;\n        margin: 20px 0;\n        width: 100%;\n    }\n    .methodical-title {\n        text-align: center;\n        font-weight: 700;\n        font-size: 1.1rem;\n        margin-bottom: 12px;\n    }\n    .methodical-table {\n        width: 100%;\n        border-collapse: collapse;\n        font-size: 0.95rem;\n    }\n    .methodical-table th, \n    .methodical-table td {\n        border: none !important; \/* R\u0117meliai panaikinti *\/\n        padding: 10px 12px !important;\n        vertical-align: top;\n    }\n    .methodical-table th {\n        font-weight: 600;\n        text-align: left;\n        border-bottom: 2px solid #ddd !important; \/* Atskyrimo linija po antra\u0161t\u0117mis *\/\n    }\n    \/* Eilu\u010di\u0173 spalv\u0173 kaitaliojimas *\/\n    .methodical-table tbody tr:nth-child(odd) {\n        background-color: #f5f5f5 !important; \/* \u0160viesiai pilka *\/\n    }\n    .methodical-table tbody tr:nth-child(even) {\n        background-color: #ffffff !important; \/* Balta *\/\n    }\n    .methodical-table .col-nr {\n        width: 50px;\n        text-align: right;\n    }\n    .methodical-table .col-group {\n        width: 60%;\n    }\n    .methodical-table .col-chair {\n        width: auto;\n    }\n<\/style>\n\n<div class=\"methodical-container\">\n    <div class=\"methodical-title\">Bir\u0161tono gimnazijos metodini\u0173 grupi\u0173 pirmininkai 2025-2026 m. m.<\/div>\n    <table class=\"methodical-table\">\n        <thead>\n            <tr>\n                <th class=\"col-nr\">Eil.<br>Nr.<\/th>\n                <th class=\"col-group\">Metodin\u0117 grup\u0117<\/th>\n                <th class=\"col-chair\">Pirmininkas<\/th>\n            <\/tr>\n        <\/thead>\n        <tbody>\n            <tr>\n                <td class=\"col-nr\">1.<\/td>\n                <td>Pradini\u0173 klasi\u0173 mokytoj\u0173<\/td>\n                <td>E. Navikauskait\u0117<\/td>\n            <\/tr>\n            <tr>\n                <td class=\"col-nr\">2.<\/td>\n                <td>U\u017esienio kalbos mokytoj\u0173<\/td>\n                <td>E. Val\u016bnien\u0117<\/td>\n            <\/tr>\n            <tr>\n                <td class=\"col-nr\">3.<\/td>\n                <td>Lietuvi\u0173 kalbos mokytoj\u0173<\/td>\n                <td>V. Kurtovien\u0117<\/td>\n            <\/tr>\n            <tr>\n                <td class=\"col-nr\">4.<\/td>\n                <td>Klasi\u0173 vadov\u0173<\/td>\n                <td>D. Snapaitien\u0117<\/td>\n            <\/tr>\n            <tr>\n                <td class=\"col-nr\">5.<\/td>\n                <td>DUMTFUP<\/td>\n                <td>R. Vilkauskas<\/td>\n            <\/tr>\n            <tr>\n                <td class=\"col-nr\">6.<\/td>\n                <td>Gamtos ir socialini\u0173 moksl\u0173<\/td>\n                <td>V. Berte\u0161kien\u0117<\/td>\n            <\/tr>\n            <tr>\n                <td class=\"col-nr\">7.<\/td>\n                <td>Matematikos<\/td>\n                <td>A. \u016asien\u0117<\/td>\n            <\/tr>\n            <tr>\n                <td class=\"col-nr\">8.<\/td>\n                <td>IT<\/td>\n                <td>A. Ferevi\u010dien\u0117<\/td>\n            <\/tr>\n        <\/tbody>\n    <\/table>\n<\/div>\n\n\n<p><\/p>\n","protected":false},"excerpt":{"rendered":"<p>Metodin\u0117 taryba Bir\u0161tono gimnazijos metodini\u0173 grupi\u0173 pirmininkai 2025-2026 m. m. Eil.Nr. Metodin\u0117 grup\u0117 Pirmininkas 1. Pradini\u0173 klasi\u0173 mokytoj\u0173 E. Navikauskait\u0117 2. U\u017esienio kalbos mokytoj\u0173 E. Val\u016bnien\u0117 3. Lietuvi\u0173 kalbos mokytoj\u0173 V. Kurtovien\u0117 4. Klasi\u0173 vadov\u0173 D. Snapaitien\u0117 5. DUMTFUP R. Vilkauskas 6. Gamtos ir socialini\u0173 moksl\u0173 V. Berte\u0161kien\u0117 7. Matematikos A. \u016asien\u0117 8. IT A. [&hellip;]<\/p>\n","protected":false},"author":1,"featured_media":0,"parent":0,"menu_order":0,"comment_status":"closed","ping_status":"closed","template":"","meta":{"footnotes":""},"class_list":["post-185","page","type-page","status-publish","hentry"],"_links":{"self":[{"href":"https:\/\/birstonogimnazija.lt\/index.php?rest_route=\/wp\/v2\/pages\/185","targetHints":{"allow":["GET"]}}],"collection":[{"href":"https:\/\/birstonogimnazija.lt\/index.php?rest_route=\/wp\/v2\/pages"}],"about":[{"href":"https:\/\/birstonogimnazija.lt\/index.php?rest_route=\/wp\/v2\/types\/page"}],"author":[{"embeddable":true,"href":"https:\/\/birstonogimnazija.lt\/index.php?rest_route=\/wp\/v2\/users\/1"}],"replies":[{"embeddable":true,"href":"https:\/\/birstonogimnazija.lt\/index.php?rest_route=%2Fwp%2Fv2%2Fcomments&post=185"}],"version-history":[{"count":1,"href":"https:\/\/birstonogimnazija.lt\/index.php?rest_route=\/wp\/v2\/pages\/185\/revisions"}],"predecessor-version":[{"id":186,"href":"https:\/\/birstonogimnazija.lt\/index.php?rest_route=\/wp\/v2\/pages\/185\/revisions\/186"}],"wp:attachment":[{"href":"https:\/\/birstonogimnazija.lt\/index.php?rest_route=%2Fwp%2Fv2%2Fmedia&parent=185"}],"curies":[{"name":"wp","href":"https:\/\/api.w.org\/{rel}","templated":true}]}}