{"id":178,"date":"2026-02-27T19:10:58","date_gmt":"2026-02-27T17:10:58","guid":{"rendered":"https:\/\/birstonogimnazija.lt\/?page_id=178"},"modified":"2026-02-27T19:13:20","modified_gmt":"2026-02-27T17:13:20","slug":"biblioteka","status":"publish","type":"page","link":"https:\/\/birstonogimnazija.lt\/?page_id=178","title":{"rendered":"Biblioteka"},"content":{"rendered":"\n<div class=\"wp-block-columns is-layout-flex wp-container-core-columns-is-layout-9d6595d7 wp-block-columns-is-layout-flex\">\n<div class=\"wp-block-column is-layout-flow wp-block-column-is-layout-flow\"><div class=\"aligncenter wp-block-site-logo\"><a href=\"https:\/\/birstonogimnazija.lt\/\" class=\"custom-logo-link\" rel=\"home\"><img loading=\"lazy\" decoding=\"async\" width=\"234\" height=\"156\" src=\"https:\/\/birstonogimnazija.lt\/wp-content\/uploads\/2026\/02\/logo-1700_trans-1.png\" class=\"custom-logo\" alt=\"Bir\u0161tono gimnazija\" srcset=\"https:\/\/birstonogimnazija.lt\/wp-content\/uploads\/2026\/02\/logo-1700_trans-1.png 612w, https:\/\/birstonogimnazija.lt\/wp-content\/uploads\/2026\/02\/logo-1700_trans-1-300x200.png 300w\" sizes=\"auto, (max-width: 234px) 100vw, 234px\" \/><\/a><\/div>\n\n\n<h4 class=\"wp-block-heading has-text-align-center\"><strong>Ieva Jonu\u0161kien\u0117 &#8211; bibliotekinink\u0117<\/strong><\/h4>\n<\/div>\n<\/div>\n\n\n\n<div class=\"wp-block-columns is-layout-flex wp-container-core-columns-is-layout-9d6595d7 wp-block-columns-is-layout-flex\">\n<div class=\"wp-block-column is-layout-flow wp-block-column-is-layout-flow\">\n<p style=\"padding-left: 80px;\"><strong>Darbo grafikas:<\/strong><\/p>\n<p><style>\n    \/* \u0160ie stiliai galios tik \u0161iai lentelei *\/<br \/>\n    .schedule-container {<br \/>\n        width: 100%;<br \/>\n        max-width: 600px;<br \/>\n        border-collapse: collapse;<br \/>\n        \/* Naudojamas redaktoriaus Segoe UI \u0161riftas *\/<br \/>\n        font-family: -apple-system, BlinkMacSystemFont, \"Segoe UI\", Roboto, sans-serif;<br \/>\n        color: #1e1e1e;<br \/>\n        margin-top: 10px;<br \/>\n    }<br \/>\n    .schedule-container td {<br \/>\n        border: none !important; \/* Joki\u0173 r\u0117meli\u0173 *\/<br \/>\n        padding: 4px 20px 4px 0 !important; \/* Tarpai tarp eilu\u010di\u0173 ir stulpeli\u0173 *\/<br \/>\n        vertical-align: top;<br \/>\n        font-size: 16px;<br \/>\n    }<br \/>\n    .schedule-container .day-name {<br \/>\n        font-weight: 600;<br \/>\n        width: 140px; \/* U\u017etikrina, kad laikai visada b\u016bt\u0173 vienoje linijoje *\/<br \/>\n    }<br \/>\n    .schedule-container .note-cell {<br \/>\n        padding-top: 2px !important;<br \/>\n        padding-bottom: 12px !important;<br \/>\n        font-size: 14px;<br \/>\n        color: #555;<br \/>\n        line-height: 1.4;<br \/>\n    }<br \/>\n<\/style><\/p>\n<table class=\"schedule-container\" style=\"margin-left: 40px;\">\n<tbody style=\"padding-left: 40px;\">\n<tr style=\"padding-left: 40px;\">\n<td class=\"day-name\" style=\"padding-left: 40px;\">Pirmadienis<\/td>\n<td style=\"padding-left: 40px;\">7.45 \u2013 16.00<\/td>\n<\/tr>\n<tr style=\"padding-left: 40px;\">\n<td class=\"day-name\" style=\"padding-left: 40px;\">Antradienis<\/td>\n<td style=\"padding-left: 40px;\">7.45 \u2013 16.00<\/td>\n<\/tr>\n<tr style=\"padding-left: 40px;\">\n<td class=\"day-name\" style=\"padding-left: 40px;\">Tre\u010diadienis<\/td>\n<td style=\"padding-left: 40px;\">7.45 \u2013 16.00<\/td>\n<\/tr>\n<tr style=\"padding-left: 40px;\">\n<td class=\"day-name\" style=\"padding-left: 40px;\">Ketvirtadienis<\/td>\n<td style=\"padding-left: 40px;\">7.45 \u2013 16.00<\/td>\n<\/tr>\n<tr style=\"padding-left: 40px;\">\n<td class=\"day-name\" style=\"padding-left: 40px;\">Penktadienis<\/td>\n<td style=\"padding-left: 40px;\">7.45 \u2013 16.00<\/td>\n<\/tr>\n<\/tbody>\n<\/table>\n<p style=\"padding-left: 80px;\">\u00a0<\/p>\n<p>\u00a0 \u00a0 \u00a0 \u00a0 <strong><a href=\"https:\/\/birstonogimnazija.lt\/wp-content\/uploads\/2026\/02\/Bibliotekos_tvarkos_taisykles.pdf\" target=\"_blank\" rel=\"noopener\">BIBLIOTEKOS VIDAUS TVARKOS TAISYKL\u0116S<\/a><\/strong><\/p>\n\n\n\n<p data-wp-context---core-fit-text=\"core\/fit-text::{&quot;fontSize&quot;:&quot;&quot;}\" data-wp-init---core-fit-text=\"core\/fit-text::callbacks.init\" data-wp-interactive data-wp-style--font-size=\"core\/fit-text::context.fontSize\" class=\"has-fit-text\"><\/p>\n<\/div>\n\n\n\n<div class=\"wp-block-column is-layout-flow wp-block-column-is-layout-flow\">\n<p>\u00a0 \u00a0<strong>Bibliotekos vizija<\/strong> \u2013 atviras ir \u0161iuolaiki\u0161kas informacijos centras, visapusi\u0161kai tenkinantis mokyklos bendruomen\u0117s informacinius poreikius. Mokykl\u0173 bibliotek\u0173 informacin\u0117s sistemos \u201eMOBIS\u201c naudojimas.<\/p>\n<p>\u00a0 \u00a0<strong>Bibliotekos tikslai ir u\u017edaviniai:<\/strong><br \/>\u2022 Aktyvus dalyvavimas kintan\u010diame mokymosi procese.<br \/>\u2022 Kryptingai pl\u0117sti bibliotekos fondus pagal ugdymo proces\u0105.<br \/>\u2022 Savo fondais ir veikla dalyvauti mokyklos ugdymo procese.<br \/>\u2022 Bibliotekos teikiam\u0173 paslaug\u0173 nuolatinis pl\u0117timas ir tobulinimas.<\/p>\n<\/div>\n<\/div>\n\n\n<p>\u00a0 \u00a0<strong>Teikiamos paslaugos:<\/strong><\/p>\n<p>\u2022 Dokument\u0173 i\u0161davimas;<br \/>\u2022 Informacijos paie\u0161ka pagal skaitytoj\u0173 u\u017eklausas;<br \/>\u2022 Kopijavimas;<br \/>\u2022 Internetas;<br \/>\u2022 Mokomosios kompiuterin\u0117s programos;<br \/>\u2022 Skenavimas;<br \/>\u2022 Vaizdo ir garso med\u017eiagos paruo\u0161imas pamokoms;<br \/>\u2022 Konsultacijos darbui su kompiuteriu.<\/p>\n<p>\u00a0 \u00a0<strong>Bibliotekos strukt\u016bra:<\/strong><br \/>\u2022 abonementas;<br \/>\u2022 skaitykla (30 viet\u0173);<br \/>\u2022 internetin\u0117 skaitykla (10 kompiuterizuot\u0173 viet\u0173)<\/p>\n<p><strong>\u00a0 \u00a0Bibliotekoje esantis leidini\u0173 fondas:<\/strong><br \/>\u2022 Informaciniai leidiniai (enciklopedijos, \u017einynai, \u017eodynai kt.);<br \/>\u2022 Programin\u0117 literat\u016bra (gro\u017ein\u0117 ir kt.);<br \/>\u2022 Vaik\u0173 literat\u016bra;<br \/>\u2022 Mokslo, populiarioji literat\u016bra;<br \/>\u2022 Vaizdo ir garso med\u017eiagos fondas;<br \/>\u2022 CD ir mokom\u0173j\u0173 program\u0173 fondas.<\/p>\n<p><strong>\u00a0 \u00a0Technin\u0117s ir informacin\u0117s komunikacijos priemon\u0117s:<\/strong><br \/>\u2022 10 kompiuteri\u0173;<br \/>\u2022 1 spausdintuvas;<br \/>\u2022 Skeneris;<br \/>\u2022 Internetas;<br \/>\u2022 1 multimedijos projektorius;<br \/>\u2022 Kopijavimo aparatas;<br \/>\u2022 Kita technin\u0117 \u012franga.<\/p>\n<p>Skaitytojai gali:<br \/>\u2022 Naudotis knygomis, vadov\u0117liais, informaciniais leidiniais, kompiuteriniais diskais, kaset\u0117mis ir kitais turimais dokumentais.<br \/>\u2022 Naudotis internetu.<br \/>\u2022 Dirbti kompiuteriais.<br \/>\u2022 Naudotis spausdintuvu, skeneriu ir kopijavimo aparatu.<\/p>\n<p>Mokyklos biblioteka vykdo informacines ir edukacines funkcijas.<\/p>\n<p><strong>\u00a0 \u00a0Mokyklos bibliotekoje:<\/strong><br \/>komplektuojamas, tvarkomas, saugomas ir populiarinamas fondas visose \u012fmanomose laikmenose atsi\u017evelgiant \u012f ugdymo proceso poreikius;<br \/>mokyklos bendruomen\u0117s nariams teikiamos informacin\u0117s paslaugos, susijusios su ugdymo procesu;<br \/>ugdomi moksleivi\u0173 informaciniai geb\u0117jimai \u2013 ie\u0161koti, rasti, kaupti, analizuoti, sintetinti, vertinti ir pateikti informacij\u0105 bei jos \u0161altinius;<br \/>teikiama pagalba pedagogams \u012fgyvendinant ugdymo planus;<br \/>sudaromos s\u0105lygos savaranki\u0161ko mokymosi kokybei gerinti;<br \/>mokyklos bendruomen\u0117s nariai mokomi prasmingai naudotis informacin\u0117mis technologijomis;<br \/>moksleiviai rengiami tapti vis\u0105 gyvenim\u0105 trunkan\u010dio mokymosi proceso dalyviais;<br \/>moksleiviams teikiamos profesinio informavimo paslaugos interneto technologij\u0173 priemon\u0117mis.<\/p>","protected":false},"excerpt":{"rendered":"<p>Ieva Jonu\u0161kien\u0117 &#8211; bibliotekinink\u0117 Darbo grafikas: Pirmadienis 7.45 \u2013 16.00 Antradienis 7.45 \u2013 16.00 Tre\u010diadienis 7.45 \u2013 16.00 Ketvirtadienis 7.45 \u2013 16.00 Penktadienis 7.45 \u2013 16.00 \u00a0 \u00a0 \u00a0 \u00a0 \u00a0 BIBLIOTEKOS VIDAUS TVARKOS TAISYKL\u0116S \u00a0 \u00a0Bibliotekos vizija \u2013 atviras ir \u0161iuolaiki\u0161kas informacijos centras, visapusi\u0161kai tenkinantis mokyklos bendruomen\u0117s informacinius poreikius. Mokykl\u0173 bibliotek\u0173 informacin\u0117s sistemos \u201eMOBIS\u201c [&hellip;]<\/p>\n","protected":false},"author":1,"featured_media":0,"parent":0,"menu_order":0,"comment_status":"closed","ping_status":"closed","template":"","meta":{"footnotes":""},"class_list":["post-178","page","type-page","status-publish","hentry"],"_links":{"self":[{"href":"https:\/\/birstonogimnazija.lt\/index.php?rest_route=\/wp\/v2\/pages\/178","targetHints":{"allow":["GET"]}}],"collection":[{"href":"https:\/\/birstonogimnazija.lt\/index.php?rest_route=\/wp\/v2\/pages"}],"about":[{"href":"https:\/\/birstonogimnazija.lt\/index.php?rest_route=\/wp\/v2\/types\/page"}],"author":[{"embeddable":true,"href":"https:\/\/birstonogimnazija.lt\/index.php?rest_route=\/wp\/v2\/users\/1"}],"replies":[{"embeddable":true,"href":"https:\/\/birstonogimnazija.lt\/index.php?rest_route=%2Fwp%2Fv2%2Fcomments&post=178"}],"version-history":[{"count":5,"href":"https:\/\/birstonogimnazija.lt\/index.php?rest_route=\/wp\/v2\/pages\/178\/revisions"}],"predecessor-version":[{"id":188,"href":"https:\/\/birstonogimnazija.lt\/index.php?rest_route=\/wp\/v2\/pages\/178\/revisions\/188"}],"wp:attachment":[{"href":"https:\/\/birstonogimnazija.lt\/index.php?rest_route=%2Fwp%2Fv2%2Fmedia&parent=178"}],"curies":[{"name":"wp","href":"https:\/\/api.w.org\/{rel}","templated":true}]}}