{"id":172,"date":"2026-02-27T18:59:14","date_gmt":"2026-02-27T16:59:14","guid":{"rendered":"https:\/\/birstonogimnazija.lt\/?page_id=172"},"modified":"2026-02-27T19:00:22","modified_gmt":"2026-02-27T17:00:22","slug":"mokytojo-padejejas","status":"publish","type":"page","link":"https:\/\/birstonogimnazija.lt\/?page_id=172","title":{"rendered":"Mokytojo pad\u0117j\u0117jas"},"content":{"rendered":"\n<div class=\"wp-block-columns is-layout-flex wp-container-core-columns-is-layout-9d6595d7 wp-block-columns-is-layout-flex\">\n<div class=\"wp-block-column is-layout-flow wp-block-column-is-layout-flow\"><div class=\"aligncenter wp-block-site-logo\"><a href=\"https:\/\/birstonogimnazija.lt\/\" class=\"custom-logo-link\" rel=\"home\"><img loading=\"lazy\" decoding=\"async\" width=\"234\" height=\"156\" src=\"https:\/\/birstonogimnazija.lt\/wp-content\/uploads\/2026\/02\/logo-1700_trans-1.png\" class=\"custom-logo\" alt=\"Bir\u0161tono gimnazija\" srcset=\"https:\/\/birstonogimnazija.lt\/wp-content\/uploads\/2026\/02\/logo-1700_trans-1.png 612w, https:\/\/birstonogimnazija.lt\/wp-content\/uploads\/2026\/02\/logo-1700_trans-1-300x200.png 300w\" sizes=\"auto, (max-width: 234px) 100vw, 234px\" \/><\/a><\/div>\n\n\n<h4 class=\"wp-block-heading has-text-align-center\"><strong>Mokytojo pad\u0117j\u0117jai<\/strong><\/h4>\n<\/div>\n<\/div>\n\n\n\n<div class=\"wp-block-columns is-layout-flex wp-container-core-columns-is-layout-9d6595d7 wp-block-columns-is-layout-flex\">\n<div class=\"wp-block-column is-layout-flow wp-block-column-is-layout-flow\">\n<p style=\"padding-left: 80px;\"><strong>Darbo grafikas:<\/strong><\/p>\n<p><style>\n    \/* \u0160ie stiliai galios tik \u0161iai lentelei *\/<br \/>\n    .schedule-container {<br \/>\n        width: 100%;<br \/>\n        max-width: 600px;<br \/>\n        border-collapse: collapse;<br \/>\n        \/* Naudojamas redaktoriaus Segoe UI \u0161riftas *\/<br \/>\n        font-family: -apple-system, BlinkMacSystemFont, \"Segoe UI\", Roboto, sans-serif;<br \/>\n        color: #1e1e1e;<br \/>\n        margin-top: 10px;<br \/>\n    }<br \/>\n    .schedule-container td {<br \/>\n        border: none !important; \/* Joki\u0173 r\u0117meli\u0173 *\/<br \/>\n        padding: 4px 20px 4px 0 !important; \/* Tarpai tarp eilu\u010di\u0173 ir stulpeli\u0173 *\/<br \/>\n        vertical-align: top;<br \/>\n        font-size: 16px;<br \/>\n    }<br \/>\n    .schedule-container .day-name {<br \/>\n        font-weight: 600;<br \/>\n        width: 140px; \/* U\u017etikrina, kad laikai visada b\u016bt\u0173 vienoje linijoje *\/<br \/>\n    }<br \/>\n    .schedule-container .note-cell {<br \/>\n        padding-top: 2px !important;<br \/>\n        padding-bottom: 12px !important;<br \/>\n        font-size: 14px;<br \/>\n        color: #555;<br \/>\n        line-height: 1.4;<br \/>\n    }<br \/>\n<\/style><\/p>\n<table class=\"schedule-container\" style=\"margin-left: 40px;\">\n<tbody style=\"padding-left: 40px;\">\n<tr style=\"padding-left: 40px;\">\n<td class=\"day-name\" style=\"padding-left: 40px;\">Pirmadienis<\/td>\n<td style=\"padding-left: 40px;\">8.00 \u2013 16.00<\/td>\n<\/tr>\n<tr style=\"padding-left: 40px;\">\n<td class=\"day-name\" style=\"padding-left: 40px;\">Antradienis<\/td>\n<td style=\"padding-left: 40px;\">8.00 \u2013 16.00<\/td>\n<\/tr>\n<tr style=\"padding-left: 40px;\">\n<td class=\"day-name\" style=\"padding-left: 40px;\">Tre\u010diadienis<\/td>\n<td style=\"padding-left: 40px;\">8.00 \u2013 16.00<\/td>\n<\/tr>\n<tr style=\"padding-left: 40px;\">\n<td class=\"day-name\" style=\"padding-left: 40px;\">Ketvirtadienis<\/td>\n<td style=\"padding-left: 40px;\">8.00 \u2013 16.00<\/td>\n<\/tr>\n<tr style=\"padding-left: 40px;\">\n<td class=\"day-name\" style=\"padding-left: 40px;\">Penktadienis<\/td>\n<td style=\"padding-left: 40px;\">8.00 \u2013 16.00<\/td>\n<\/tr>\n<\/tbody>\n<\/table>\n<p style=\"padding-left: 80px;\">\u00a0<\/p>\n\n\n\n<p data-wp-context---core-fit-text=\"core\/fit-text::{&quot;fontSize&quot;:&quot;&quot;}\" data-wp-init---core-fit-text=\"core\/fit-text::callbacks.init\" data-wp-interactive data-wp-style--font-size=\"core\/fit-text::context.fontSize\" class=\"has-fit-text\"><\/p>\n<\/div>\n\n\n\n<div class=\"wp-block-column is-layout-flow wp-block-column-is-layout-flow\">\n<ol>\n<li>Virginija \u010cernevi\u010dien\u0117<\/li>\n<li>Nataliia Klymenko<\/li>\n<li>Viktorija Lodien\u0117, mokytojo pad\u0117j\u0117ja, karjeros specialist\u0117<\/li>\n<li>Kristina Navalinsk\u0117<\/li>\n<li>Kornelija Malinauskien\u0117<\/li>\n<li>Dainora Naujokien\u0117<\/li>\n<li>Jurgita Valatkien\u0117<\/li>\n<li>Daiva A\u0161menskien\u0117<\/li>\n<\/ol>\n<p>\u00a0 \u00a0<strong>8.00 &#8211; 11.30 &#8211; darbas klas\u0117se su spec. poreiki\u0173 mokiniais.<br \/>\u00a0 11.30 &#8211; 16.00 &#8211; darbas pailgintos darbo dienos grup\u0117je.<\/strong><\/p>\n<\/div>\n<\/div>\n\n\n<p><strong>Funkcijos:\u00a0<br \/><\/strong>1. Padeda mokiniui (mokini\u0173 grupei):<br \/>1.1. Suprasti mokytojo skirtas u\u017eduotis;<br \/>1.2. Atlikti mokytojo skirtas u\u017eduotis;<br \/>1.3. \u012esitraukti \u012f ugdom\u0105j\u0105 veikl\u0105 ir skatina joje dalyvauti;<br \/>1.4. Apsitarnauti, pavalgyti, pasir\u016bpinti asmens higiena;<br \/>1.5. Pasiekti reikiamas klases, patalpas, palydi i specialist\u0173 kabinetus.<\/p>\n<p>2. Padeda mokytojui:<br \/>2.1. Palaikyti drausm\u0119 pamok\u0173 metu;<br \/>2.2. Pritaikyti mokiniui reikaling\u0105 mokom\u0105j\u0105 med\u017eiag\u0105;<br \/>2.3. Palaikyti drausm\u0119 rengini\u0173 metu, lydi \u012f i\u0161vykas.<\/p>\n<p><strong>Pailgintos darbo dienos grup\u0117s veikla:<\/strong><br \/>\u2022 Mokiniai skatinami paruo\u0161ti mokytojo skirtus nam\u0173 darbus, prireikus, padedama suprasti u\u017eduotis ir jas atlikti;<br \/>\u2022 Mokiniai skatinami u\u017esiimti grupine veikla;<br \/>\u2022 Sudaromos s\u0105lygos u\u017esiimti veikla pagal kiekvieno vaiko interesus: pie\u0161imas, spalvinimas, karpymas, lankstymas, animacini\u0173 film\u0173 \u017ei\u016br\u0117jimas\u2026<br \/>\u2022 Sudaromos s\u0105lygos pajud\u0117ti ir pakv\u0117puoti grynu oru i\u0161sivedant mokinius \u012f lauk\u0105;<br \/>\u2022 U\u017etikrinamas mokini\u0173 i\u0161leidimas \u012f b\u016brelius, specialist\u0173 konsultacijas bei mokyklin\u012f autobus\u0105 reikiamu laiku;<br \/>\u2022 Skatinamas mokini\u0173 bendradarbiavimas, pagalba vienas kitam;<br \/>\u2022 Suteikiama galimyb\u0117 pails\u0117ti, atsipalaiduoti, pa\u017eaisti (konstruktoriai, d\u0117lion\u0117s, stalo \u017eaidimai);<br \/>\u2022 Esant poreikiui, konkre\u010diais klausimais, bendradarbiaujama su mokini\u0173 mokytojais bei t\u0117veliais, teikiama informacija apie mokini\u0173 elges\u012f;<br \/>\u2022 Esant poreikiui, padedama mokiniams apsirengti\/persirengti;<\/p>","protected":false},"excerpt":{"rendered":"<p>Mokytojo pad\u0117j\u0117jai Darbo grafikas: Pirmadienis 8.00 \u2013 16.00 Antradienis 8.00 \u2013 16.00 Tre\u010diadienis 8.00 \u2013 16.00 Ketvirtadienis 8.00 \u2013 16.00 Penktadienis 8.00 \u2013 16.00 \u00a0 Virginija \u010cernevi\u010dien\u0117 Nataliia Klymenko Viktorija Lodien\u0117, mokytojo pad\u0117j\u0117ja, karjeros specialist\u0117 Kristina Navalinsk\u0117 Kornelija Malinauskien\u0117 Dainora Naujokien\u0117 Jurgita Valatkien\u0117 Daiva A\u0161menskien\u0117 \u00a0 \u00a08.00 &#8211; 11.30 &#8211; darbas klas\u0117se su spec. poreiki\u0173 [&hellip;]<\/p>\n","protected":false},"author":1,"featured_media":0,"parent":0,"menu_order":0,"comment_status":"closed","ping_status":"closed","template":"","meta":{"footnotes":""},"class_list":["post-172","page","type-page","status-publish","hentry"],"_links":{"self":[{"href":"https:\/\/birstonogimnazija.lt\/index.php?rest_route=\/wp\/v2\/pages\/172","targetHints":{"allow":["GET"]}}],"collection":[{"href":"https:\/\/birstonogimnazija.lt\/index.php?rest_route=\/wp\/v2\/pages"}],"about":[{"href":"https:\/\/birstonogimnazija.lt\/index.php?rest_route=\/wp\/v2\/types\/page"}],"author":[{"embeddable":true,"href":"https:\/\/birstonogimnazija.lt\/index.php?rest_route=\/wp\/v2\/users\/1"}],"replies":[{"embeddable":true,"href":"https:\/\/birstonogimnazija.lt\/index.php?rest_route=%2Fwp%2Fv2%2Fcomments&post=172"}],"version-history":[{"count":4,"href":"https:\/\/birstonogimnazija.lt\/index.php?rest_route=\/wp\/v2\/pages\/172\/revisions"}],"predecessor-version":[{"id":176,"href":"https:\/\/birstonogimnazija.lt\/index.php?rest_route=\/wp\/v2\/pages\/172\/revisions\/176"}],"wp:attachment":[{"href":"https:\/\/birstonogimnazija.lt\/index.php?rest_route=%2Fwp%2Fv2%2Fmedia&parent=172"}],"curies":[{"name":"wp","href":"https:\/\/api.w.org\/{rel}","templated":true}]}}