{"id":146,"date":"2026-02-27T15:23:34","date_gmt":"2026-02-27T13:23:34","guid":{"rendered":"https:\/\/birstonogimnazija.lt\/?page_id=146"},"modified":"2026-02-27T20:09:58","modified_gmt":"2026-02-27T18:09:58","slug":"psichologas","status":"publish","type":"page","link":"https:\/\/birstonogimnazija.lt\/?page_id=146","title":{"rendered":"Psichologas"},"content":{"rendered":"<div class=\"aligncenter wp-block-site-logo\"><a href=\"https:\/\/birstonogimnazija.lt\/\" class=\"custom-logo-link\" rel=\"home\"><img loading=\"lazy\" decoding=\"async\" width=\"234\" height=\"156\" src=\"https:\/\/birstonogimnazija.lt\/wp-content\/uploads\/2026\/02\/logo-1700_trans-1.png\" class=\"custom-logo\" alt=\"Bir\u0161tono gimnazija\" srcset=\"https:\/\/birstonogimnazija.lt\/wp-content\/uploads\/2026\/02\/logo-1700_trans-1.png 612w, https:\/\/birstonogimnazija.lt\/wp-content\/uploads\/2026\/02\/logo-1700_trans-1-300x200.png 300w\" sizes=\"auto, (max-width: 234px) 100vw, 234px\" \/><\/a><\/div>\n\n\n<h4 class=\"wp-block-heading has-text-align-center\">\n    <strong>Jolanta Veterien\u0117 &#8211; mokyklos psicholog\u0117<\/strong>\n<\/h4>\n<br>\n\n\n\n<p><\/p>\n\n\n\n<div class=\"wp-block-columns is-layout-flex wp-container-core-columns-is-layout-9d6595d7 wp-block-columns-is-layout-flex\">\n<div class=\"wp-block-column is-layout-flow wp-block-column-is-layout-flow\">\n<p style=\"padding-left: 80px;\"><strong>Darbo grafikas:<\/strong><\/p>\n<p><style>\n    \/* \u0160ie stiliai galios tik \u0161iai lentelei *\/<br \/>\n    .schedule-container {<br \/>\n        width: 100%;<br \/>\n        max-width: 600px;<br \/>\n        border-collapse: collapse;<br \/>\n        \/* Naudojamas redaktoriaus Segoe UI \u0161riftas *\/<br \/>\n        font-family: -apple-system, BlinkMacSystemFont, \"Segoe UI\", Roboto, sans-serif;<br \/>\n        color: #1e1e1e;<br \/>\n        margin-top: 10px;<br \/>\n    }<br \/>\n    .schedule-container td {<br \/>\n        border: none !important; \/* Joki\u0173 r\u0117meli\u0173 *\/<br \/>\n        padding: 4px 20px 4px 0 !important; \/* Tarpai tarp eilu\u010di\u0173 ir stulpeli\u0173 *\/<br \/>\n        vertical-align: top;<br \/>\n        font-size: 16px;<br \/>\n    }<br \/>\n    .schedule-container .day-name {<br \/>\n        font-weight: 600;<br \/>\n        width: 140px; \/* U\u017etikrina, kad laikai visada b\u016bt\u0173 vienoje linijoje *\/<br \/>\n    }<br \/>\n    .schedule-container .note-cell {<br \/>\n        padding-top: 2px !important;<br \/>\n        padding-bottom: 12px !important;<br \/>\n        font-size: 14px;<br \/>\n        color: #555;<br \/>\n        line-height: 1.4;<br \/>\n    }<br \/>\n<\/style><\/p>\n<table class=\"schedule-container\" style=\"margin-left: 40px;\">\n<tbody style=\"padding-left: 40px;\">\n<tr style=\"padding-left: 40px;\">\n<td class=\"day-name\" style=\"padding-left: 40px;\">Pirmadienis<\/td>\n<td style=\"padding-left: 40px;\">7.30 \u2013 15.00<\/td>\n<\/tr>\n<tr style=\"padding-left: 40px;\">\n<td class=\"day-name\" style=\"padding-left: 40px;\">Antradienis<\/td>\n<td style=\"padding-left: 40px;\">7.30 \u2013 14.30<\/td>\n<\/tr>\n<tr style=\"padding-left: 40px;\">\n<td class=\"day-name\" style=\"padding-left: 40px;\">Ketvirtadienis<\/td>\n<td style=\"padding-left: 40px;\">7.30 \u2013 15.00<\/td>\n<\/tr>\n<tr style=\"padding-left: 40px;\">\n<td class=\"day-name\" style=\"padding-left: 40px;\">Penktadienis<\/td>\n<td style=\"padding-left: 40px;\">7.30 \u2013 14.00<\/td>\n<\/tr>\n<tr style=\"padding-left: 40px;\">\n<td class=\"day-name\" style=\"padding-left: 40px;\">Piet\u016bs<\/td>\n<td style=\"padding-left: 40px;\">11.30 \u2013 12.00<\/td>\n<\/tr>\n<\/tbody>\n<\/table>\n<p>&nbsp;<\/p>\n<p style=\"padding-left: 80px;\"><strong>El. pa\u0161tas: veteriene@gmail.com<\/strong><\/p>\n<p>&nbsp;<\/p>\n<\/div>\n\n\n\n<div class=\"wp-block-column is-layout-flow wp-block-column-is-layout-flow\">\n<p>\u00a0 \u00a0Psichologas atlieka mokini\u0173 gali\u0173 ir sunkum\u0173 \u012fvertinim\u0105, padeda atkleisti mokini\u0173 geb\u0117jimus, kuriais remdamiesi jie gali s\u0117kmingiau mokytis, rinktis profesin\u0117s karjeros krypt\u012f. Konsultuoja mokinius, t\u0117vus, mokytojus ir yra pasirengusi pad\u0117ti \u012fveikti i\u0161kilusius sunkumus, priimti sprendimus. Taip pat veda psichologijos pamokas gimnazijos III-IV klasi\u0173 mokiniams.<\/p>\n<\/div>\n<\/div>\n\n\n<p><strong>Kada mokiniai kreipiasi \u012f psicholog\u0119<\/strong>?<\/p>\n<p>Kartais, kai savo patyrimo neu\u017etenka, jausmai slegia, o aplinkiniai yra pernelyg u\u017esi\u0117m\u0119 ar prisl\u0117gti, kai kyla klausim\u0173, \u012f kuriuos bendraam\u017eiai neatsako, verta kreiptis \u012f psicholog\u0105.<\/p>\n<p>Mokiniai da\u017eniausiai kreipiasi, kai:\u00a0<br \/>\u2013 patiria sunkum\u0173 bendraudami su draugais, t\u0117vais, mokytojais,<br \/>\u2013 jau\u010dia baim\u0119, nerim\u0105, pykt\u012f, vieni\u0161um\u0105, drovum\u0105, kalt\u0119, nepasitik\u0117jim\u0105 savimi, kt.;<br \/>\u2013 kai tenka i\u0161gyventi t\u0117v\u0173 skyrybas, sunkumus \u0161eimoje ar i\u0161siskyrim\u0105 su t\u0117vais, jiems \u2013 i\u0161vykus;<br \/>\u2013 kai patiria paty\u010dias, prievart\u0105;<br \/>\u2013 kai i\u0161gyvena netektis;<br \/>\u2013 patiria mokymosi sunkum\u0173;<br \/>\u2013 kai sunku apsispr\u0119sti d\u0117l b\u016bsimo profesinio kelio;<br \/>\u2013 kai nori pa\u017einti save, savo galias, geb\u0117jimus;<br \/>\u2013 nori aptarti savo asmenyb\u0117s raid\u0105;<br \/>\u2013 kai ie\u0161ko atsakym\u0173 \u012f \u012fvairius, su psichologija susijusius, klausimus.<\/p>\n<p><strong>Jei kreipsiuos \u012f psicholog\u0119, k\u0105 ji man darys<\/strong>?<\/p>\n<p>A\u0161 tiesiog kalb\u0117siu su tavimi, stengsiuosi tave suprasti, palaikyti, kartu ie\u0161koti, kaip tau pad\u0117ti, si\u016blysiu tau i\u0161bandyti pie\u0161imo ir kit\u0173 b\u016bd\u0173, kaip \u012fveikti sunkumus ir pa\u017einti save. Jei nor\u0117si daugiau su\u017einoti apie savo geb\u0117jimus, pateiksiu specialiai parengtus testus.<\/p>\n<p><strong>Ar psicholog\u0117 i\u0161spr\u0119s visas mano problemas<\/strong>?<\/p>\n<p>Kai pats nebegali susitvarkyti su sunkumais, yra labai svarbu ateiti ir skirti laiko pokalbiui apie problem\u0105. Mes kartu aptarsime, kaip \u012fveikti sunkumus. Tam reik\u0117s tavo pastang\u0173.<\/p>\n<p><strong>A\u0161 esu sveikas(-a), tai kod\u0117l tur\u0117\u010diau eiti pas psicholog\u0119<\/strong>?<\/p>\n<p>Su psichologiniais sunkumais susiduria kiekvienas \u017emogus, o su psichologo pagalba b\u016bna lengviau \u0161iuos sunkumus \u012fveikti.<\/p>\n<p><strong>Kas gali kreiptis \u012f psicholog\u0119<\/strong>?<\/p>\n<p>\u012e mane gali kreiptis Bir\u0161tono gimnazijos mokiniai, mokytojai, mokini\u0173 t\u0117vai ar glob\u0117jai. Dirbu 34 kabinete II senojo pastato auk\u0161te. Konsultacijoms pra\u0161au u\u017esira\u0161yti i\u0161 anksto. Konsultuoju kasdien, i\u0161skyrus ketvirtadienius.<\/p>\n<p><strong>Ar niekas nesu\u017einos, k\u0105 papasakosiu psichologei<\/strong>?<\/p>\n<p>Kiekvienas psichologas yra \u012fsipareigoj\u0119s laikytis konfidencialumo taisykl\u0117s. A\u0161 jos laikausi. Jei i\u0161kils b\u016btinyb\u0117 pasikalb\u0117ti su tavo t\u0117vais ar mokytojais, mes tai aptarsime su tavimi.<\/p>","protected":false},"excerpt":{"rendered":"<p>Jolanta Veterien\u0117 &#8211; mokyklos psicholog\u0117 Darbo grafikas: Pirmadienis 7.30 \u2013 15.00 Antradienis 7.30 \u2013 14.30 Ketvirtadienis 7.30 \u2013 15.00 Penktadienis 7.30 \u2013 14.00 Piet\u016bs 11.30 \u2013 12.00 &nbsp; El. pa\u0161tas: veteriene@gmail.com &nbsp; \u00a0 \u00a0Psichologas atlieka mokini\u0173 gali\u0173 ir sunkum\u0173 \u012fvertinim\u0105, padeda atkleisti mokini\u0173 geb\u0117jimus, kuriais remdamiesi jie gali s\u0117kmingiau mokytis, rinktis profesin\u0117s karjeros krypt\u012f. Konsultuoja [&hellip;]<\/p>\n","protected":false},"author":1,"featured_media":0,"parent":0,"menu_order":0,"comment_status":"closed","ping_status":"closed","template":"","meta":{"footnotes":""},"class_list":["post-146","page","type-page","status-publish","hentry"],"_links":{"self":[{"href":"https:\/\/birstonogimnazija.lt\/index.php?rest_route=\/wp\/v2\/pages\/146","targetHints":{"allow":["GET"]}}],"collection":[{"href":"https:\/\/birstonogimnazija.lt\/index.php?rest_route=\/wp\/v2\/pages"}],"about":[{"href":"https:\/\/birstonogimnazija.lt\/index.php?rest_route=\/wp\/v2\/types\/page"}],"author":[{"embeddable":true,"href":"https:\/\/birstonogimnazija.lt\/index.php?rest_route=\/wp\/v2\/users\/1"}],"replies":[{"embeddable":true,"href":"https:\/\/birstonogimnazija.lt\/index.php?rest_route=%2Fwp%2Fv2%2Fcomments&post=146"}],"version-history":[{"count":9,"href":"https:\/\/birstonogimnazija.lt\/index.php?rest_route=\/wp\/v2\/pages\/146\/revisions"}],"predecessor-version":[{"id":199,"href":"https:\/\/birstonogimnazija.lt\/index.php?rest_route=\/wp\/v2\/pages\/146\/revisions\/199"}],"wp:attachment":[{"href":"https:\/\/birstonogimnazija.lt\/index.php?rest_route=%2Fwp%2Fv2%2Fmedia&parent=146"}],"curies":[{"name":"wp","href":"https:\/\/api.w.org\/{rel}","templated":true}]}}