{"id":126,"date":"2026-02-27T14:26:22","date_gmt":"2026-02-27T12:26:22","guid":{"rendered":"https:\/\/birstonogimnazija.lt\/?page_id=126"},"modified":"2026-02-27T20:08:43","modified_gmt":"2026-02-27T18:08:43","slug":"specialusis-pedagogas","status":"publish","type":"page","link":"https:\/\/birstonogimnazija.lt\/?page_id=126","title":{"rendered":"Socialinis pedagogas"},"content":{"rendered":"<div class=\"aligncenter wp-block-site-logo\"><a href=\"https:\/\/birstonogimnazija.lt\/\" class=\"custom-logo-link\" rel=\"home\"><img loading=\"lazy\" decoding=\"async\" width=\"234\" height=\"156\" src=\"https:\/\/birstonogimnazija.lt\/wp-content\/uploads\/2026\/02\/logo-1700_trans-1.png\" class=\"custom-logo\" alt=\"Bir\u0161tono gimnazija\" srcset=\"https:\/\/birstonogimnazija.lt\/wp-content\/uploads\/2026\/02\/logo-1700_trans-1.png 612w, https:\/\/birstonogimnazija.lt\/wp-content\/uploads\/2026\/02\/logo-1700_trans-1-300x200.png 300w\" sizes=\"auto, (max-width: 234px) 100vw, 234px\" \/><\/a><\/div>\n\n\n<h4 class=\"wp-block-heading has-text-align-center\"><strong>Rasa Stravinskien\u0117 &#8211; socialin\u0117 pedagog\u0117<\/strong><\/h4>\n\n\n\n<div class=\"wp-block-columns is-layout-flex wp-container-core-columns-is-layout-9d6595d7 wp-block-columns-is-layout-flex\">\n<div class=\"wp-block-column is-layout-flow wp-block-column-is-layout-flow\">\n<p>&nbsp;<\/p>\n<p style=\"padding-left: 80px;\"><strong>Darbo grafikas:<\/strong><\/p>\n<p><style>\n    \/* \u0160ie stiliai galios tik \u0161iai lentelei *\/<br \/>\n    .schedule-container {<br \/>\n        width: 100%;<br \/>\n        max-width: 600px;<br \/>\n        border-collapse: collapse;<br \/>\n        \/* Naudojamas redaktoriaus Segoe UI \u0161riftas *\/<br \/>\n        font-family: -apple-system, BlinkMacSystemFont, \"Segoe UI\", Roboto, sans-serif;<br \/>\n        color: #1e1e1e;<br \/>\n        margin-top: 10px;<br \/>\n    }<br \/>\n    .schedule-container td {<br \/>\n        border: none !important; \/* Joki\u0173 r\u0117meli\u0173 *\/<br \/>\n        padding: 4px 20px 4px 0 !important; \/* Tarpai tarp eilu\u010di\u0173 ir stulpeli\u0173 *\/<br \/>\n        vertical-align: top;<br \/>\n        font-size: 16px;<br \/>\n    }<br \/>\n    .schedule-container .day-name {<br \/>\n        font-weight: 600;<br \/>\n        width: 140px; \/* U\u017etikrina, kad laikai visada b\u016bt\u0173 vienoje linijoje *\/<br \/>\n    }<br \/>\n    .schedule-container .note-cell {<br \/>\n        padding-top: 2px !important;<br \/>\n        padding-bottom: 12px !important;<br \/>\n        font-size: 14px;<br \/>\n        color: #555;<br \/>\n        line-height: 1.4;<br \/>\n    }<br \/>\n<\/style><\/p>\n<table class=\"schedule-container\" style=\"margin-left: 40px;\">\n<tbody style=\"padding-left: 40px;\">\n<tr style=\"padding-left: 40px;\">\n<td class=\"day-name\" style=\"padding-left: 40px;\">Pirmadienis<\/td>\n<td style=\"padding-left: 40px;\">8.00 \u2013 13.00<\/td>\n<\/tr>\n<tr style=\"padding-left: 40px;\">\n<td class=\"day-name\" style=\"padding-left: 40px;\">Antradienis<\/td>\n<td style=\"padding-left: 40px;\">8.00 \u2013 14.00<\/td>\n<\/tr>\n<tr style=\"padding-left: 40px;\">\n<td class=\"day-name\" style=\"padding-left: 40px;\">Tre\u010diadienis<\/td>\n<td style=\"padding-left: 40px;\">8.00 \u2013 14.00<\/td>\n<\/tr>\n<tr style=\"padding-left: 40px;\">\n<td class=\"day-name\" style=\"padding-left: 40px;\">Ketvirtadienis<\/td>\n<td style=\"padding-left: 40px;\">8.00 \u2013 14.00<\/td>\n<\/tr>\n<tr style=\"padding-left: 40px;\">\n<td class=\"day-name\" style=\"padding-left: 40px;\">Penktadienis<\/td>\n<td style=\"padding-left: 40px;\">8.00 \u2013 14.00<\/td>\n<\/tr>\n<\/tbody>\n<\/table>\n<p>&nbsp;<\/p>\n<p style=\"padding-left: 80px;\"><strong>El. pa\u0161tas: rasves@gmail.com<\/strong><\/p>\n<\/div>\n\n\n\n<div class=\"wp-block-column is-layout-flow wp-block-column-is-layout-flow\">\n<h4><strong>Socialin\u0117s pedagog\u0117s teikiamos paslaugos<\/strong><\/h4>\n<p>Tikslas:\u00a0 pad\u0117ti mokiniams siekti pozityvios integracijos ir socializacijos visuomen\u0117je, racionaliau i\u0161naudoti visas teikiamas galimybes lavintis, mokytis ir augti savaranki\u0161kais asmenimis.<\/p>\n<h5><strong>U\u017edaviniai<\/strong><strong>:<\/strong><\/h5>\n<p>\u2022Pad\u0117ti spr\u0119sti problemas, susijusias su \u012fvairiais vaikams kylan\u010diais sunkumais.<br \/>\u2022Pad\u0117ti t\u0117vams (glob\u0117jams) ugdyti savo vaik\u0105, suprasti socialinius ir pedagoginius jo poreikius, j\u0173 tenkinimo svarb\u0105, t\u0117v\u0173 teises ir pareigas.<br \/>\u2022Pad\u0117ti mokytojams sprend\u017eiant vaik\u0173 socialines \u2013 pedagogines problemas.<\/p>\n<\/div>\n<\/div>\n\n\n<p><strong>Socialin\u0117s pedagog\u0117s funkcijos:<\/strong><\/p>\n<p>1. Individualiai konsultuoja vaikus turin\u010dius mokymosi, elgesio, lankomumo, bendravimo su bendraam\u017eiais sunkum\u0173;<br \/>2. Vertina ir padeda spr\u0119sti problemas, susijusias su \u012fvairiais vaikams kylan\u010diais sunkumais (pagrindini\u0173 vaiko reikmi\u0173 tenkinimo, saugumo u\u017etikrinimo), dirba su vaikais, priklausomais nuo alkoholio, narkotini\u0173 med\u017eiag\u0173, patirian\u010diais fizin\u012f i\u0161naudojim\u0105.<br \/>3. Vykdo mokymosi motyvacijos, lankomumo, u\u017eimtumo, emocini\u0173 ir elgesio bei kit\u0173 problem\u0173 sprendimo prevencines programas.<br \/>4. Padeda t\u0117vams ar teis\u0117tiems vaiko atstovams ugdyti savo vaik\u0105, suprasti jo socialinius ir psichologinius poreikius, j\u0173 tenkinimo svarb\u0105, geriau suprasti vaiko, turin\u010dio vystymosi sunkum\u0173, poreikius, t\u0117v\u0173 teises ir pareigas. Informuoja t\u0117vus apie j\u0173 teis\u0119 gauti socialin\u0119 \u2013 pedagogin\u0119 pagalb\u0105.<br \/>5. Bendradarbiauja su klasi\u0173 aukl\u0117tojais, kitais pedagogais, specialistais, mokyklos administracija sprend\u017eiant vaik\u0173 socialines \u2013 pedagogines problemas, ie\u0161kant efektyvi\u0173 pagalbos b\u016bd\u0173.<br \/>6. Nuolat palaiko ry\u0161ius su vietos bendruomene ir \u012fvairiomis \u012fstaigomis, r\u016bpinasi gyvenamosios aplinkos pritaikymu vaiko poreikiams.<br \/>7. Tiria socialin\u0117s pagalbos poreik\u012f<br \/>8. Kartu su \u012fstaigos personalu, visuomenin\u0117mis organizacijomis ir socialiniais partneriais i\u0161 kit\u0173 institucij\u0173 atlieka \u0161vie\u010diam\u0105j\u012f \u2013 informacin\u012f darb\u0105.<br \/>9. Dalyvauja socialini\u0173 projekt\u0173 k\u016brime ir j\u0173 \u012fgyvendinime.<br \/>10. Inicijuoja i\u0161tekli\u0173, kurie b\u016btini vaik\u0173 ir j\u0173 \u0161eim\u0173 poreikiams patenkinti, gavim\u0105.<br \/>11. Atstovauja ir gina vaik\u0173 teises mokykloje, teis\u0117saugos ir kitose institucijose.<br \/>12. Lanko vaikus j\u0173 namuose, jeigu klas\u0117s aukl\u0117tojas neturi tam galimybi\u0173.<br \/>13. R\u016bpinasi nemokamu mokini\u0173 maitinimu.<\/p>","protected":false},"excerpt":{"rendered":"<p>Rasa Stravinskien\u0117 &#8211; socialin\u0117 pedagog\u0117 &nbsp; Darbo grafikas: Pirmadienis 8.00 \u2013 13.00 Antradienis 8.00 \u2013 14.00 Tre\u010diadienis 8.00 \u2013 14.00 Ketvirtadienis 8.00 \u2013 14.00 Penktadienis 8.00 \u2013 14.00 &nbsp; El. pa\u0161tas: rasves@gmail.com Socialin\u0117s pedagog\u0117s teikiamos paslaugos Tikslas:\u00a0 pad\u0117ti mokiniams siekti pozityvios integracijos ir socializacijos visuomen\u0117je, racionaliau i\u0161naudoti visas teikiamas galimybes lavintis, mokytis ir augti savaranki\u0161kais [&hellip;]<\/p>\n","protected":false},"author":1,"featured_media":0,"parent":0,"menu_order":0,"comment_status":"closed","ping_status":"closed","template":"","meta":{"footnotes":""},"class_list":["post-126","page","type-page","status-publish","hentry"],"_links":{"self":[{"href":"https:\/\/birstonogimnazija.lt\/index.php?rest_route=\/wp\/v2\/pages\/126","targetHints":{"allow":["GET"]}}],"collection":[{"href":"https:\/\/birstonogimnazija.lt\/index.php?rest_route=\/wp\/v2\/pages"}],"about":[{"href":"https:\/\/birstonogimnazija.lt\/index.php?rest_route=\/wp\/v2\/types\/page"}],"author":[{"embeddable":true,"href":"https:\/\/birstonogimnazija.lt\/index.php?rest_route=\/wp\/v2\/users\/1"}],"replies":[{"embeddable":true,"href":"https:\/\/birstonogimnazija.lt\/index.php?rest_route=%2Fwp%2Fv2%2Fcomments&post=126"}],"version-history":[{"count":12,"href":"https:\/\/birstonogimnazija.lt\/index.php?rest_route=\/wp\/v2\/pages\/126\/revisions"}],"predecessor-version":[{"id":198,"href":"https:\/\/birstonogimnazija.lt\/index.php?rest_route=\/wp\/v2\/pages\/126\/revisions\/198"}],"wp:attachment":[{"href":"https:\/\/birstonogimnazija.lt\/index.php?rest_route=%2Fwp%2Fv2%2Fmedia&parent=126"}],"curies":[{"name":"wp","href":"https:\/\/api.w.org\/{rel}","templated":true}]}}