{"id":114,"date":"2026-02-27T14:12:48","date_gmt":"2026-02-27T12:12:48","guid":{"rendered":"https:\/\/birstonogimnazija.lt\/?page_id=114"},"modified":"2026-02-27T14:43:09","modified_gmt":"2026-02-27T12:43:09","slug":"specialioji-pedagoge","status":"publish","type":"page","link":"https:\/\/birstonogimnazija.lt\/?page_id=114","title":{"rendered":"Specialioji pedagog\u0117"},"content":{"rendered":"\n<div class=\"wp-block-columns is-layout-flex wp-container-core-columns-is-layout-9d6595d7 wp-block-columns-is-layout-flex\">\n<div class=\"wp-block-column is-layout-flow wp-block-column-is-layout-flow\"><div class=\"aligncenter wp-block-site-logo\"><a href=\"https:\/\/birstonogimnazija.lt\/\" class=\"custom-logo-link\" rel=\"home\"><img loading=\"lazy\" decoding=\"async\" width=\"234\" height=\"156\" src=\"https:\/\/birstonogimnazija.lt\/wp-content\/uploads\/2026\/02\/logo-1700_trans-1.png\" class=\"custom-logo\" alt=\"Bir\u0161tono gimnazija\" srcset=\"https:\/\/birstonogimnazija.lt\/wp-content\/uploads\/2026\/02\/logo-1700_trans-1.png 612w, https:\/\/birstonogimnazija.lt\/wp-content\/uploads\/2026\/02\/logo-1700_trans-1-300x200.png 300w\" sizes=\"auto, (max-width: 234px) 100vw, 234px\" \/><\/a><\/div>\n\n\n<h4 class=\"wp-block-heading has-text-align-center\"><strong>Nomeda Kopcikien\u0117 &#8211; <strong>specialioji pedagog\u0117, logoped\u0117<\/strong><\/strong><\/h4>\n<\/div>\n<\/div>\n\n\n\n<div class=\"wp-block-columns is-layout-flex wp-container-core-columns-is-layout-9d6595d7 wp-block-columns-is-layout-flex\">\n<div class=\"wp-block-column is-layout-flow wp-block-column-is-layout-flow\">\n<p style=\"padding-left: 80px;\"><strong>Darbo grafikas:<\/strong><\/p>\n<p><style>\n    \/* \u0160ie stiliai galios tik \u0161iai lentelei *\/<br \/>\n    .schedule-container {<br \/>\n        width: 100%;<br \/>\n        max-width: 600px;<br \/>\n        border-collapse: collapse;<br \/>\n        \/* Naudojamas redaktoriaus Segoe UI \u0161riftas *\/<br \/>\n        font-family: -apple-system, BlinkMacSystemFont, \"Segoe UI\", Roboto, sans-serif;<br \/>\n        color: #1e1e1e;<br \/>\n        margin-top: 10px;<br \/>\n    }<br \/>\n    .schedule-container td {<br \/>\n        border: none !important; \/* Joki\u0173 r\u0117meli\u0173 *\/<br \/>\n        padding: 4px 20px 4px 0 !important; \/* Tarpai tarp eilu\u010di\u0173 ir stulpeli\u0173 *\/<br \/>\n        vertical-align: top;<br \/>\n        font-size: 16px;<br \/>\n    }<br \/>\n    .schedule-container .day-name {<br \/>\n        font-weight: 600;<br \/>\n        width: 140px; \/* U\u017etikrina, kad laikai visada b\u016bt\u0173 vienoje linijoje *\/<br \/>\n    }<br \/>\n    .schedule-container .note-cell {<br \/>\n        padding-top: 2px !important;<br \/>\n        padding-bottom: 12px !important;<br \/>\n        font-size: 14px;<br \/>\n        color: #555;<br \/>\n        line-height: 1.4;<br \/>\n    }<br \/>\n<\/style><\/p>\n<table class=\"schedule-container\" style=\"margin-left: 40px;\">\n<tbody style=\"padding-left: 40px;\">\n<tr style=\"padding-left: 40px;\">\n<td class=\"day-name\" style=\"padding-left: 40px;\">Pirmadienis<\/td>\n<td style=\"padding-left: 40px;\">7.30 \u2013 15.00<\/td>\n<\/tr>\n<tr style=\"padding-left: 40px;\">\n<td class=\"day-name\" style=\"padding-left: 40px;\">Antradienis<\/td>\n<td style=\"padding-left: 40px;\">7.30 \u2013 14.30<\/td>\n<\/tr>\n<tr style=\"padding-left: 40px;\">\n<td class=\"day-name\" style=\"padding-left: 40px;\">Tre\u010diadienis<\/td>\n<td style=\"padding-left: 40px;\">7.30 \u2013 16.00<\/td>\n<\/tr>\n<tr style=\"padding-left: 40px;\">\n<td class=\"day-name\" style=\"padding-left: 40px;\">Ketvirtadienis<\/td>\n<td style=\"padding-left: 40px;\">7.30 \u2013 15.00<\/td>\n<\/tr>\n<tr style=\"padding-left: 40px;\">\n<td class=\"day-name\" style=\"padding-left: 40px;\">Penktadienis<\/td>\n<td style=\"padding-left: 40px;\">7.30 \u2013 14.00<\/td>\n<\/tr>\n<\/tbody>\n<\/table>\n<p style=\"padding-left: 80px;\">\u00a0<\/p>\n\n\n\n<p data-wp-context---core-fit-text=\"core\/fit-text::{&quot;fontSize&quot;:&quot;&quot;}\" data-wp-init---core-fit-text=\"core\/fit-text::callbacks.init\" data-wp-interactive data-wp-style--font-size=\"core\/fit-text::context.fontSize\" class=\"has-fit-text\"><\/p>\n<\/div>\n\n\n\n<div class=\"wp-block-column is-layout-flow wp-block-column-is-layout-flow\">\n<p>\u00a0 \u00a0Specialusis ugdymas Bir\u0161tono gimnazijoje organizuojamas vadovaujantis Lietuvos Respublikos Konstitucija, \u0160vietimo ir kitais \u012fstatymais, Vyriausyb\u0117s nutarimais bei kitais teis\u0117s aktais.<\/p>\n<p>\u00a0 \u00a0<strong>Tre\u010diadieniais 15.00 &#8211; 16.00 mokytoj\u0173, mokini\u0173, t\u0117v\u0173 konsultavimas, registruotis i\u0161 anksto (61 kab. 3 auk\u0161tas)<\/strong><\/p>\n<\/div>\n<\/div>\n\n\n<p><strong>Specialiojo pedagogo veikla:<\/strong><\/p>\n<ul>\n<li>atlieka pedagogin\u012f mokini\u0173 vertinim\u0105, nustato j\u0173 \u017eini\u0173, mok\u0117jim\u0173, \u012fg\u016bd\u017ei\u0173, geb\u0117jim\u0173 lyg\u012f ir j\u0173 atitikim\u0105 ugdymo programoms bei \u012fvertina pa\u017eang\u0105 mokykloje ar, esant b\u016btinybei, namuose;<\/li>\n<li>padeda speciali\u0173j\u0173 ugdymo(si) poreiki\u0173 mokiniams \u012fsisavinant ugdymo turin\u012f ir lavina j\u0173 sutrikusias funkcijas (individualios, pogrupiais ar grupin\u0117s pratybos pamok\u0173 metu), atsi\u017evelgdamas \u012f kiekvieno speciali\u0173j\u0173 ugdymo(si) poreiki\u0173 mokinio geb\u0117jimus, ugdymosi galimybes, mokymosi ypatumus;<\/li>\n<li>sudaro speciali\u0173j\u0173 ugdymo(si) poreiki\u0173 turin\u010di\u0173 mokini\u0173 s\u0105ra\u0161us ir u\u017esi\u0117mim\u0173 tvarkara\u0161t\u012f, pildo specialiojo pedagogo dienyn\u0105;<\/li>\n<li>atlieka konsultavimo ir pedagoginio \u0161vietimo funkcijas: pataria mokytojams, kaip pritaikyti bendr\u0105sias programas speciali\u0173j\u0173 poreiki\u0173 mokiniams, vykdo t\u0117v\u0173, mokytoj\u0173 ir kit\u0173 visuomen\u0117s nari\u0173 \u0161vietim\u0105 specialiosios pedagogin\u0117s pagalbos teikimo klausimais;<\/li>\n<li>dalyvauja gimnazijos \u201eVaiko gerov\u0117s\u201c komisijos veikloje, bendradarbiauja su mokytojais, speciali\u0173j\u0173 poreiki\u0173 mokini\u0173 t\u0117vais ir kitais asmenimis, tiesiogiai dalyvaujan\u010diais ugdymo procese, bei teikia jiems metodin\u0119 pagalb\u0105 specialiojo ugdymo(si) klausimais;<\/li>\n<li>gamina speciali\u0105sias mokymo(si) priemones, kaupia metodin\u0119 med\u017eiag\u0105 ir literat\u016br\u0105 apie special\u0173j\u012f ugdym\u0105;<\/li>\n<li>vertina ir analizuoja ugdymo proces\u0105 ir jo rezultatus, numato tobulinimo kelius;<\/li>\n<li>tvarko ir pildo savo darbo dokumentus.<\/li>\n<\/ul>\n<p><strong>Logopedo veikla:<\/strong><\/p>\n<ul>\n<li>atlieka mokinio kalbos ir kalb\u0117jimo tyrim\u0105, kurio metu visapusi\u0161kai tiria mokinio sakytin\u0119 kalb\u0105, skaitymo ir ra\u0161ymo \u012fg\u016bd\u017eius, planuoja veikl\u0105 kalbos sutrikimams \u0161alinti, numato kalbos pl\u0117tojimo korekcijos kryptis;<\/li>\n<li>sudaro mokini\u0173, kuriems bus teikiama logopedo pagalba, s\u0105ra\u0161us, pratyb\u0173 tvarkara\u0161t\u012f (individualios, pogrupiais ar grupin\u0117s pratybos po pamok\u0173), atsi\u017evelgiant \u012f sutrikimus;<\/li>\n<li>atlieka konsultavimo ir pedagoginio \u0161vietimo funkcijas: veda kalbos korekcijos pratybas, konsultuoja mokytojus, kaip pritaikyti bendr\u0105sias programas speciali\u0173j\u0173 poreiki\u0173 mokiniams, vykdo t\u0117v\u0173, mokytoj\u0173 ir kit\u0173 visuomen\u0117s nari\u0173 \u0161vietim\u0105\u00a0 aktualiais vaik\u0173 kalbos ir kalb\u0117jimo korekcijos klausimais;<\/li>\n<li>dalyvauja gimnazijos \u201eVaiko gerov\u0117s\u201c komisijos veikloje, bendradarbiauja su mokytojais, mokini\u0173 t\u0117vais ir kitais asmenimis, tiesiogiai dalyvaujan\u010diais vaik\u0173, turin\u010di\u0173 kalbos ir kalb\u0117jimo sutrikim\u0173, ugdymo procese, bei teikia jiems metodin\u0119 pagalb\u0105 lavinant \u0161iuos mokinius;<\/li>\n<li>kaupia metodin\u0119 med\u017eiag\u0105 ir literat\u016br\u0105 logopedijos klausimais;<\/li>\n<li>vertina ir analizuoja lavinimo proces\u0105 ir jo rezultatus, numato tobulinimo kelius;<\/li>\n<li>tvarko ir pildo savo darbo dokumentus.<\/li>\n<\/ul>","protected":false},"excerpt":{"rendered":"<p>Nomeda Kopcikien\u0117 &#8211; specialioji pedagog\u0117, logoped\u0117 Darbo grafikas: Pirmadienis 7.30 \u2013 15.00 Antradienis 7.30 \u2013 14.30 Tre\u010diadienis 7.30 \u2013 16.00 Ketvirtadienis 7.30 \u2013 15.00 Penktadienis 7.30 \u2013 14.00 \u00a0 \u00a0 \u00a0Specialusis ugdymas Bir\u0161tono gimnazijoje organizuojamas vadovaujantis Lietuvos Respublikos Konstitucija, \u0160vietimo ir kitais \u012fstatymais, Vyriausyb\u0117s nutarimais bei kitais teis\u0117s aktais. \u00a0 \u00a0Tre\u010diadieniais 15.00 &#8211; 16.00 mokytoj\u0173, [&hellip;]<\/p>\n","protected":false},"author":1,"featured_media":0,"parent":0,"menu_order":0,"comment_status":"closed","ping_status":"closed","template":"","meta":{"footnotes":""},"class_list":["post-114","page","type-page","status-publish","hentry"],"_links":{"self":[{"href":"https:\/\/birstonogimnazija.lt\/index.php?rest_route=\/wp\/v2\/pages\/114","targetHints":{"allow":["GET"]}}],"collection":[{"href":"https:\/\/birstonogimnazija.lt\/index.php?rest_route=\/wp\/v2\/pages"}],"about":[{"href":"https:\/\/birstonogimnazija.lt\/index.php?rest_route=\/wp\/v2\/types\/page"}],"author":[{"embeddable":true,"href":"https:\/\/birstonogimnazija.lt\/index.php?rest_route=\/wp\/v2\/users\/1"}],"replies":[{"embeddable":true,"href":"https:\/\/birstonogimnazija.lt\/index.php?rest_route=%2Fwp%2Fv2%2Fcomments&post=114"}],"version-history":[{"count":16,"href":"https:\/\/birstonogimnazija.lt\/index.php?rest_route=\/wp\/v2\/pages\/114\/revisions"}],"predecessor-version":[{"id":147,"href":"https:\/\/birstonogimnazija.lt\/index.php?rest_route=\/wp\/v2\/pages\/114\/revisions\/147"}],"wp:attachment":[{"href":"https:\/\/birstonogimnazija.lt\/index.php?rest_route=%2Fwp%2Fv2%2Fmedia&parent=114"}],"curies":[{"name":"wp","href":"https:\/\/api.w.org\/{rel}","templated":true}]}}