{"id":110,"date":"2026-02-27T12:12:21","date_gmt":"2026-02-27T10:12:21","guid":{"rendered":"https:\/\/birstonogimnazija.lt\/?page_id=110"},"modified":"2026-02-27T12:12:21","modified_gmt":"2026-02-27T10:12:21","slug":"mokytojai","status":"publish","type":"page","link":"https:\/\/birstonogimnazija.lt\/?page_id=110","title":{"rendered":"Mokytojai"},"content":{"rendered":"<div class=\"aligncenter wp-block-site-logo\"><a href=\"https:\/\/birstonogimnazija.lt\/\" class=\"custom-logo-link\" rel=\"home\"><img loading=\"lazy\" decoding=\"async\" width=\"232\" height=\"154\" src=\"https:\/\/birstonogimnazija.lt\/wp-content\/uploads\/2026\/02\/logo-1700_trans-1.png\" class=\"custom-logo\" alt=\"Bir\u0161tono gimnazija\" srcset=\"https:\/\/birstonogimnazija.lt\/wp-content\/uploads\/2026\/02\/logo-1700_trans-1.png 612w, https:\/\/birstonogimnazija.lt\/wp-content\/uploads\/2026\/02\/logo-1700_trans-1-300x200.png 300w\" sizes=\"auto, (max-width: 232px) 100vw, 232px\" \/><\/a><\/div>\n\n\n<h2 class=\"wp-block-heading\">Bir\u0161tono gimnazijos mokytojai<\/h2>\n\n\n\n<figure class=\"wp-block-table is-style-stripes\"><table class=\"has-fixed-layout\"><tbody><tr><td>Eil. Nr.<\/td><td>Vardas, pavard\u0117<\/td><td>Pareigos<\/td><\/tr><tr><td>1.<\/td><td>Vilma Augustavi\u010dien\u0117<\/td><td>Pradini\u0173 klasi\u0173 mokytoja<\/td><\/tr><tr><td>2.<\/td><td>Rasa Pa\u010d\u0117sien\u0117<\/td><td>Pradini\u0173 klasi\u0173 vyresnioji mokytoja<\/td><\/tr><tr><td>3.<\/td><td>Vidut\u0117 Berte\u0161kien\u0117<\/td><td>Chemijos mokytoja metodinink\u0117<\/td><\/tr><tr><td>4.<\/td><td>K\u0119stutis Bunevi\u010dius<\/td><td>Lietuvi\u0173 kalbos ir literat\u016bros mokytojas<\/td><\/tr><tr><td>5.<\/td><td>Daiva Dabri\u0161ien\u0117<\/td><td>Geografijos mokytoja metodinink\u0117<\/td><\/tr><tr><td>6.<\/td><td>Vita \u017di\u016bkien\u0117<\/td><td>Etikos mokytoja<\/td><\/tr><tr><td>7.<\/td><td>Asta Ferevi\u010dien\u0117<\/td><td>Informacini\u0173 technologij\u0173 mokytoja metodinink\u0117<\/td><\/tr><tr><td>8.<\/td><td>Algis Guobys<\/td><td>Technologij\u0173 mokytojas metodininkas<\/td><\/tr><tr><td>9.<\/td><td>Vanda \u017di\u016bkien\u0117<\/td><td>Pranc\u016bz\u0173 kalbos mokytoja metodinink\u0117<\/td><\/tr><tr><td>10.<\/td><td>Loreta Janulevi\u010dien\u0117<\/td><td>Matematikos mokytoja metodinink\u0117<\/td><\/tr><tr><td>11.<\/td><td>Daiva Jonykait\u0117-Snapaitien\u0117<\/td><td>Istorijos mokytoja metodinink\u0117,&nbsp; teis\u0117s mokytoja, gyvenimo \u012fg\u016bd\u017ei\u0173 mokytoja<\/td><\/tr><tr><td>12.<\/td><td>Arnoldas Juozaitis<\/td><td>Fizinio ugdymo mokytojas metodininkas<\/td><\/tr><tr><td>13.<\/td><td>Kristina Justinavi\u010dien\u0117<\/td><td>Angl\u0173 kalbos mokytoja metodinink\u0117<\/td><\/tr><tr><td>14.<\/td><td>Vida Kaminskien\u0117<\/td><td>Informacini\u0173 technologij\u0173 vyresnioji mokytoja<\/td><\/tr><tr><td>15.<\/td><td>Vidas Kapa\u010dinskas<\/td><td>Fizinio ugdymo mokytojas metodininkas<\/td><\/tr><tr><td>16.<\/td><td>Danguol\u0117 Kederien\u0117<\/td><td>Fizikos mokytoja metodinink\u0117<\/td><\/tr><tr><td>17.<\/td><td>Nomeda Kopcikien\u0117<\/td><td>Specialioji pedagog\u0117 metodinink\u0117,logoped\u0117 metodinink\u0117<\/td><\/tr><tr><td>18.<\/td><td>Kristina Kru\u0161nauskien\u0117<\/td><td>Angl\u0173 kalbos mokytoja<\/td><\/tr><tr><td>19.<\/td><td>Neringa Bisikirskien\u0117<\/td><td>Dail\u0117s mokytoja metodinink\u0117<\/td><\/tr><tr><td>20.<\/td><td>Vytaut\u0117 Kurtovien\u0117<\/td><td>Lietuvi\u0173 kalbos ir literat\u016bros mokytoja metodinink\u0117<\/td><\/tr><tr><td>21.<\/td><td>Asta Lasatien\u0117<\/td><td>Istorijos mokytoja metodinink\u0117<\/td><\/tr><tr><td>22.<\/td><td>Rita Markovskaja<\/td><td>Rus\u0173 kalbos mokytoja<\/td><\/tr><tr><td>23.<\/td><td>Iveta Montvydien\u0117<\/td><td>Lietuvi\u0173 kalbos ir literat\u016bros vyresnioji mokytoja<\/td><\/tr><tr><td>24.<\/td><td>Danut\u0117 Mork\u016bnien\u0117<\/td><td>Biologijos mokytoja metodinink\u0117<\/td><\/tr><tr><td>25.<\/td><td>Evelina Navikauskait\u0117<\/td><td>Pradini\u0173 klasi\u0173 mokytoja<\/td><\/tr><tr><td>26.<\/td><td>Romualda Padvelskien\u0117<\/td><td>Matematikos mokytoja metodinink\u0117<\/td><\/tr><tr><td>27.<\/td><td>Laima Pyragien\u0117<\/td><td>Geografijos vyresnioji mokytoja<\/td><\/tr><tr><td>28.<\/td><td>Audron\u0117 Raman\u010duckien\u0117<\/td><td>Technologij\u0173 mokytoja metodinink\u0117<\/td><\/tr><tr><td>29.<\/td><td>Toliama Ragien\u0117<\/td><td>Muzikos mokytoja metodinink\u0117<\/td><\/tr><tr><td>30.<\/td><td>Ilona Rukait\u0117<\/td><td>Angl\u0173 kalbos mokytoja<\/td><\/tr><tr><td>31.<\/td><td>Roma Ruo\u010dkien\u0117<\/td><td>Muzikos mokytoja ekspert\u0117<\/td><\/tr><tr><td>32.<\/td><td>Aldrona Grinien\u0117<\/td><td>Pradini\u0173 klasi\u0173 mokytoja metodinink\u0117<\/td><\/tr><tr><td>33.<\/td><td>Jolita Simonaityt\u0117<\/td><td>Pradini\u0173 klasi\u0173 vyresnioji mokytoja<\/td><\/tr><tr><td>34.<\/td><td>Birut\u0117 Sinkevi\u010dien\u0117<\/td><td>Angl\u0173 kalbos mokytoja metodinink\u0117<\/td><\/tr><tr><td>35.<\/td><td>J\u016brat\u0117 Skindzerien\u0117<\/td><td>Pradini\u0173 klasi\u0173 mokytoja metodinink\u0117<\/td><\/tr><tr><td>36.<\/td><td>Rasa Stravinskien\u0117<\/td><td>Socialin\u0117 pedagog\u0117<\/td><\/tr><tr><td>37.<\/td><td>Danut\u0117 \u0160ukevi\u010dien\u0117<\/td><td>Fizikos mokytoja metodinink\u0117,gyvenimo \u012fg\u016bd\u017ei\u0173 mokytoja<\/td><\/tr><tr><td>38.<\/td><td>Evelina Tamo\u0161i\u016bnien\u0117<\/td><td>Fizinio ugdymo mokytoja<\/td><\/tr><tr><td>39.<\/td><td>Virginija Urbanavi\u010dien\u0117<\/td><td>Pradini\u0173 klasi\u0173 mokytoja metodinink\u0117<\/td><\/tr><tr><td>40.<\/td><td>Alvydas Urbanavi\u010dius<\/td><td>Matematikos mokytojas metodininkas<\/td><\/tr><tr><td>41.<\/td><td>Aldona \u016asien\u0117<\/td><td>Matematikos mokytoja metodinink\u0117<\/td><\/tr><tr><td>42.<\/td><td>Emma Val\u016bnien\u0117<\/td><td>Rus\u0173 kalbos vyresnioji mokytoja,vokie\u010di\u0173 kalbos vyresnioji mokytoja<\/td><\/tr><tr><td>43.<\/td><td>Vaida Vasiljev\u0117<\/td><td>Pradini\u0173 klasi\u0173 vyresnioji mokytoja<\/td><\/tr><tr><td>44.<\/td><td>Jolanta Veterien\u0117<\/td><td>Psicholog\u0117,gyvenimo \u012fg\u016bd\u017ei\u0173 mokytoja&nbsp;<\/td><\/tr><tr><td>45.<\/td><td>Romas Vilkauskas<\/td><td>Dorinio ugdymo (tikybos) mokytojas<\/td><\/tr><tr><td>46.<\/td><td>Daina Vy\u0161niauskien\u0117<\/td><td>Lietuvi\u0173 kalbos ir literat\u016bros&nbsp; vyresnioji mokytoja<\/td><\/tr><tr><td>47.<\/td><td>Vida Vrubliauskien\u0117<\/td><td>Angl\u0173 kalbos mokytoja ekspert\u0117<\/td><\/tr><tr><td>48.<\/td><td>Vilmut\u0117 \u017diobien\u0117<\/td><td>Pradini\u0173 klasi\u0173 vyresnioji mokytoja<\/td><\/tr><tr><td>49.<\/td><td>Roma Malinauskien\u0117<\/td><td>Tikybos mokytoja metodinink\u0117<\/td><\/tr><\/tbody><\/table><\/figure>\n\n\n\n<p><\/p>\n","protected":false},"excerpt":{"rendered":"<p>Bir\u0161tono gimnazijos mokytojai Eil. Nr. Vardas, pavard\u0117 Pareigos 1. Vilma Augustavi\u010dien\u0117 Pradini\u0173 klasi\u0173 mokytoja 2. Rasa Pa\u010d\u0117sien\u0117 Pradini\u0173 klasi\u0173 vyresnioji mokytoja 3. Vidut\u0117 Berte\u0161kien\u0117 Chemijos mokytoja metodinink\u0117 4. K\u0119stutis Bunevi\u010dius Lietuvi\u0173 kalbos ir literat\u016bros mokytojas 5. Daiva Dabri\u0161ien\u0117 Geografijos mokytoja metodinink\u0117 6. Vita \u017di\u016bkien\u0117 Etikos mokytoja 7. Asta Ferevi\u010dien\u0117 Informacini\u0173 technologij\u0173 mokytoja metodinink\u0117 8. Algis [&hellip;]<\/p>\n","protected":false},"author":1,"featured_media":0,"parent":0,"menu_order":0,"comment_status":"closed","ping_status":"closed","template":"","meta":{"footnotes":""},"class_list":["post-110","page","type-page","status-publish","hentry"],"_links":{"self":[{"href":"https:\/\/birstonogimnazija.lt\/index.php?rest_route=\/wp\/v2\/pages\/110","targetHints":{"allow":["GET"]}}],"collection":[{"href":"https:\/\/birstonogimnazija.lt\/index.php?rest_route=\/wp\/v2\/pages"}],"about":[{"href":"https:\/\/birstonogimnazija.lt\/index.php?rest_route=\/wp\/v2\/types\/page"}],"author":[{"embeddable":true,"href":"https:\/\/birstonogimnazija.lt\/index.php?rest_route=\/wp\/v2\/users\/1"}],"replies":[{"embeddable":true,"href":"https:\/\/birstonogimnazija.lt\/index.php?rest_route=%2Fwp%2Fv2%2Fcomments&post=110"}],"version-history":[{"count":2,"href":"https:\/\/birstonogimnazija.lt\/index.php?rest_route=\/wp\/v2\/pages\/110\/revisions"}],"predecessor-version":[{"id":112,"href":"https:\/\/birstonogimnazija.lt\/index.php?rest_route=\/wp\/v2\/pages\/110\/revisions\/112"}],"wp:attachment":[{"href":"https:\/\/birstonogimnazija.lt\/index.php?rest_route=%2Fwp%2Fv2%2Fmedia&parent=110"}],"curies":[{"name":"wp","href":"https:\/\/api.w.org\/{rel}","templated":true}]}}